{"id":816,"date":"2024-08-14T16:07:19","date_gmt":"2024-08-14T16:07:19","guid":{"rendered":"https:\/\/madmarket.io\/?page_id=816"},"modified":"2025-07-28T11:03:20","modified_gmt":"2025-07-28T11:03:20","slug":"obtem-0-1-de-cashback-em-edge-com-madmarket-quando-te-juntares-a-nos","status":"publish","type":"page","link":"https:\/\/madmarket.io\/pt\/obtem-0-1-de-cashback-em-edge-com-madmarket-quando-te-juntares-a-nos\/","title":{"rendered":"Ganhe bilhetes para a final da Liga dos Campe\u00f5es e receba 0.1% CASHBACK no Edge!"},"content":{"rendered":"","protected":false},"excerpt":{"rendered":"","protected":false},"author":4,"featured_media":0,"parent":0,"menu_order":0,"comment_status":"closed","ping_status":"closed","template":"","meta":{"_acf_changed":false},"class_list":["post-816","page","type-page","status-publish","hentry"],"acf":[],"yoast_head":"<!-- This site is optimized with the Yoast SEO Premium plugin v27.4 (Yoast SEO v27.4) - https:\/\/yoast.com\/product\/yoast-seo-premium-wordpress\/ -->\n<title>Win Champions League Final Tickets &amp; GET 0.1% CASHBACK on Edge! - Mad Market<\/title>\n<meta name=\"description\" content=\"MadMarket is giving away two tickets to club football&#039;s biggest match!Deposit now &amp; get one ticket into the raffle! Want better odds? Wager \u20ac500+ to earn an extra entry (max 2 per player)Plus, enjoy 0.1% Lifetime Cashback on all your Edge bets \u2013 forever!\" \/>\n<meta name=\"robots\" content=\"index, follow, max-snippet:-1, max-image-preview:large, max-video-preview:-1\" \/>\n<link rel=\"canonical\" href=\"https:\/\/madmarket.io\/pt\/obtem-0-1-de-cashback-em-edge-com-madmarket-quando-te-juntares-a-nos\/\" \/>\n<meta property=\"og:locale\" content=\"pt_PT\" \/>\n<meta property=\"og:type\" content=\"article\" \/>\n<meta property=\"og:title\" content=\"Win Champions League Final Tickets &amp; GET 0.1% CASHBACK on Edge!\" \/>\n<meta property=\"og:description\" content=\"MadMarket is giving away two tickets to club football&#039;s biggest match!Deposit now &amp; get one ticket into the raffle! Want better odds? Wager \u20ac500+ to earn an extra entry (max 2 per player)Plus, enjoy 0.1% Lifetime Cashback on all your Edge bets \u2013 forever!\" \/>\n<meta property=\"og:url\" content=\"https:\/\/madmarket.io\/pt\/obtem-0-1-de-cashback-em-edge-com-madmarket-quando-te-juntares-a-nos\/\" \/>\n<meta property=\"og:site_name\" content=\"Mad Market\" \/>\n<meta property=\"article:modified_time\" content=\"2025-07-28T11:03:20+00:00\" \/>\n<meta name=\"twitter:card\" content=\"summary_large_image\" \/>\n<script type=\"application\/ld+json\" class=\"yoast-schema-graph\">{\"@context\":\"https:\\\/\\\/schema.org\",\"@graph\":[{\"@type\":\"WebPage\",\"@id\":\"https:\\\/\\\/madmarket.io\\\/get-lifetime-cashback-on-edge\\\/\",\"url\":\"https:\\\/\\\/madmarket.io\\\/get-lifetime-cashback-on-edge\\\/\",\"name\":\"Win Champions League Final Tickets & GET 0.1% CASHBACK on Edge! - Mad Market\",\"isPartOf\":{\"@id\":\"https:\\\/\\\/madmarket.io\\\/#website\"},\"datePublished\":\"2024-08-14T16:07:19+00:00\",\"dateModified\":\"2025-07-28T11:03:20+00:00\",\"description\":\"MadMarket is giving away two tickets to club football's biggest match!Deposit now & get one ticket into the raffle! Want better odds? Wager \u20ac500+ to earn an extra entry (max 2 per player)Plus, enjoy 0.1% Lifetime Cashback on all your Edge bets \u2013 forever!\",\"breadcrumb\":{\"@id\":\"https:\\\/\\\/madmarket.io\\\/get-lifetime-cashback-on-edge\\\/#breadcrumb\"},\"inLanguage\":\"pt-PT\",\"potentialAction\":[{\"@type\":\"ReadAction\",\"target\":[\"https:\\\/\\\/madmarket.io\\\/get-lifetime-cashback-on-edge\\\/\"]}]},{\"@type\":\"BreadcrumbList\",\"@id\":\"https:\\\/\\\/madmarket.io\\\/get-lifetime-cashback-on-edge\\\/#breadcrumb\",\"itemListElement\":[{\"@type\":\"ListItem\",\"position\":1,\"name\":\"Home\",\"item\":\"https:\\\/\\\/madmarket.io\\\/\"},{\"@type\":\"ListItem\",\"position\":2,\"name\":\"Win Champions League Final Tickets &#038; GET 0.1% CASHBACK on Edge!\"}]},{\"@type\":\"WebSite\",\"@id\":\"https:\\\/\\\/madmarket.io\\\/#website\",\"url\":\"https:\\\/\\\/madmarket.io\\\/\",\"name\":\"Mad Market\",\"description\":\"\",\"publisher\":{\"@id\":\"https:\\\/\\\/madmarket.io\\\/#organization\"},\"potentialAction\":[{\"@type\":\"SearchAction\",\"target\":{\"@type\":\"EntryPoint\",\"urlTemplate\":\"https:\\\/\\\/madmarket.io\\\/?s={search_term_string}\"},\"query-input\":{\"@type\":\"PropertyValueSpecification\",\"valueRequired\":true,\"valueName\":\"search_term_string\"}}],\"inLanguage\":\"pt-PT\"},{\"@type\":\"Organization\",\"@id\":\"https:\\\/\\\/madmarket.io\\\/#organization\",\"name\":\"Mad Market\",\"url\":\"https:\\\/\\\/madmarket.io\\\/\",\"logo\":{\"@type\":\"ImageObject\",\"inLanguage\":\"pt-PT\",\"@id\":\"https:\\\/\\\/madmarket.io\\\/#\\\/schema\\\/logo\\\/image\\\/\",\"url\":\"https:\\\/\\\/madmarket.io\\\/wp-content\\\/uploads\\\/2024\\\/07\\\/icon-384x384-1.png\",\"contentUrl\":\"https:\\\/\\\/madmarket.io\\\/wp-content\\\/uploads\\\/2024\\\/07\\\/icon-384x384-1.png\",\"width\":384,\"height\":384,\"caption\":\"Mad Market\"},\"image\":{\"@id\":\"https:\\\/\\\/madmarket.io\\\/#\\\/schema\\\/logo\\\/image\\\/\"}}]}<\/script>\n<!-- \/ Yoast SEO Premium plugin. -->","yoast_head_json":{"title":"Ganhe bilhetes para a final da Liga dos Campe\u00f5es e receba 0.1% CASHBACK no Edge! - Mercado Louco","description":"O MadMarket est\u00e1 a oferecer dois bilhetes para o maior jogo de futebol do clube, deposite agora e ganhe um bilhete para o sorteio! Quer melhores probabilidades? Aposte mais de 500 euros para ganhar uma entrada extra (m\u00e1x. 2 por jogador)Al\u00e9m disso, desfrute de 0.1% de Cashback vital\u00edcio em todas as suas apostas Edge - para sempre!","robots":{"index":"index","follow":"follow","max-snippet":"max-snippet:-1","max-image-preview":"max-image-preview:large","max-video-preview":"max-video-preview:-1"},"canonical":"https:\/\/madmarket.io\/pt\/obtem-0-1-de-cashback-em-edge-com-madmarket-quando-te-juntares-a-nos\/","og_locale":"pt_PT","og_type":"article","og_title":"Win Champions League Final Tickets & GET 0.1% CASHBACK on Edge!","og_description":"MadMarket is giving away two tickets to club football's biggest match!Deposit now & get one ticket into the raffle! Want better odds? Wager \u20ac500+ to earn an extra entry (max 2 per player)Plus, enjoy 0.1% Lifetime Cashback on all your Edge bets \u2013 forever!","og_url":"https:\/\/madmarket.io\/pt\/obtem-0-1-de-cashback-em-edge-com-madmarket-quando-te-juntares-a-nos\/","og_site_name":"Mad Market","article_modified_time":"2025-07-28T11:03:20+00:00","twitter_card":"summary_large_image","schema":{"@context":"https:\/\/schema.org","@graph":[{"@type":"WebPage","@id":"https:\/\/madmarket.io\/get-lifetime-cashback-on-edge\/","url":"https:\/\/madmarket.io\/get-lifetime-cashback-on-edge\/","name":"Ganhe bilhetes para a final da Liga dos Campe\u00f5es e receba 0.1% CASHBACK no Edge! - Mercado Louco","isPartOf":{"@id":"https:\/\/madmarket.io\/#website"},"datePublished":"2024-08-14T16:07:19+00:00","dateModified":"2025-07-28T11:03:20+00:00","description":"O MadMarket est\u00e1 a oferecer dois bilhetes para o maior jogo de futebol do clube, deposite agora e ganhe um bilhete para o sorteio! Quer melhores probabilidades? Aposte mais de 500 euros para ganhar uma entrada extra (m\u00e1x. 2 por jogador)Al\u00e9m disso, desfrute de 0.1% de Cashback vital\u00edcio em todas as suas apostas Edge - para sempre!","breadcrumb":{"@id":"https:\/\/madmarket.io\/get-lifetime-cashback-on-edge\/#breadcrumb"},"inLanguage":"pt-PT","potentialAction":[{"@type":"ReadAction","target":["https:\/\/madmarket.io\/get-lifetime-cashback-on-edge\/"]}]},{"@type":"BreadcrumbList","@id":"https:\/\/madmarket.io\/get-lifetime-cashback-on-edge\/#breadcrumb","itemListElement":[{"@type":"ListItem","position":1,"name":"Home","item":"https:\/\/madmarket.io\/"},{"@type":"ListItem","position":2,"name":"Win Champions League Final Tickets &#038; GET 0.1% CASHBACK on Edge!"}]},{"@type":"WebSite","@id":"https:\/\/madmarket.io\/#website","url":"https:\/\/madmarket.io\/","name":"Mercado louco","description":"","publisher":{"@id":"https:\/\/madmarket.io\/#organization"},"potentialAction":[{"@type":"SearchAction","target":{"@type":"EntryPoint","urlTemplate":"https:\/\/madmarket.io\/?s={search_term_string}"},"query-input":{"@type":"PropertyValueSpecification","valueRequired":true,"valueName":"search_term_string"}}],"inLanguage":"pt-PT"},{"@type":"Organization","@id":"https:\/\/madmarket.io\/#organization","name":"Mercado louco","url":"https:\/\/madmarket.io\/","logo":{"@type":"ImageObject","inLanguage":"pt-PT","@id":"https:\/\/madmarket.io\/#\/schema\/logo\/image\/","url":"https:\/\/madmarket.io\/wp-content\/uploads\/2024\/07\/icon-384x384-1.png","contentUrl":"https:\/\/madmarket.io\/wp-content\/uploads\/2024\/07\/icon-384x384-1.png","width":384,"height":384,"caption":"Mad Market"},"image":{"@id":"https:\/\/madmarket.io\/#\/schema\/logo\/image\/"}}]}},"_links":{"self":[{"href":"https:\/\/madmarket.io\/pt\/wp-json\/wp\/v2\/pages\/816","targetHints":{"allow":["GET"]}}],"collection":[{"href":"https:\/\/madmarket.io\/pt\/wp-json\/wp\/v2\/pages"}],"about":[{"href":"https:\/\/madmarket.io\/pt\/wp-json\/wp\/v2\/types\/page"}],"author":[{"embeddable":true,"href":"https:\/\/madmarket.io\/pt\/wp-json\/wp\/v2\/users\/4"}],"replies":[{"embeddable":true,"href":"https:\/\/madmarket.io\/pt\/wp-json\/wp\/v2\/comments?post=816"}],"version-history":[{"count":28,"href":"https:\/\/madmarket.io\/pt\/wp-json\/wp\/v2\/pages\/816\/revisions"}],"predecessor-version":[{"id":7970,"href":"https:\/\/madmarket.io\/pt\/wp-json\/wp\/v2\/pages\/816\/revisions\/7970"}],"wp:attachment":[{"href":"https:\/\/madmarket.io\/pt\/wp-json\/wp\/v2\/media?parent=816"}],"curies":[{"name":"wp","href":"https:\/\/api.w.org\/{rel}","templated":true}]}}