{"id":2429,"date":"2025-02-26T11:42:29","date_gmt":"2025-02-26T11:42:29","guid":{"rendered":"https:\/\/madmarket.io\/?page_id=2429"},"modified":"2025-08-06T14:22:09","modified_gmt":"2025-08-06T14:22:09","slug":"apostas-de-golfe","status":"publish","type":"page","link":"https:\/\/madmarket.io\/pt\/apostas-de-golfe\/","title":{"rendered":"Apostas de golfe"},"content":{"rendered":"","protected":false},"excerpt":{"rendered":"","protected":false},"author":6,"featured_media":0,"parent":0,"menu_order":0,"comment_status":"closed","ping_status":"closed","template":"","meta":{"_acf_changed":false},"class_list":["post-2429","page","type-page","status-publish","hentry"],"acf":[],"yoast_head":"<!-- This site is optimized with the Yoast SEO Premium plugin v27.3 (Yoast SEO v27.3) - https:\/\/yoast.com\/product\/yoast-seo-premium-wordpress\/ -->\n<title>Understanding how to Bet on Golf. MadMarket.io<\/title>\n<meta name=\"description\" content=\"Betting on golf at Madmarket can appear complex but this guide will help you understand the latest golf betting odds.\" \/>\n<meta name=\"robots\" content=\"index, follow, max-snippet:-1, max-image-preview:large, max-video-preview:-1\" \/>\n<link rel=\"canonical\" href=\"https:\/\/madmarket.io\/pt\/apostas-de-golfe\/\" \/>\n<meta property=\"og:locale\" content=\"pt_PT\" \/>\n<meta property=\"og:type\" content=\"article\" \/>\n<meta property=\"og:title\" content=\"Golf Betting\" \/>\n<meta property=\"og:description\" content=\"Betting on golf at Madmarket can appear complex but this guide will help you understand the latest golf betting odds.\" \/>\n<meta property=\"og:url\" content=\"https:\/\/madmarket.io\/pt\/apostas-de-golfe\/\" \/>\n<meta property=\"og:site_name\" content=\"Mad Market\" \/>\n<meta property=\"article:modified_time\" content=\"2025-08-06T14:22:09+00:00\" \/>\n<meta name=\"twitter:card\" content=\"summary_large_image\" \/>\n<script type=\"application\/ld+json\" class=\"yoast-schema-graph\">{\"@context\":\"https:\\\/\\\/schema.org\",\"@graph\":[{\"@type\":\"WebPage\",\"@id\":\"https:\\\/\\\/madmarket.io\\\/golf-betting\\\/\",\"url\":\"https:\\\/\\\/madmarket.io\\\/golf-betting\\\/\",\"name\":\"Understanding how to Bet on Golf. MadMarket.io\",\"isPartOf\":{\"@id\":\"https:\\\/\\\/madmarket.io\\\/#website\"},\"datePublished\":\"2025-02-26T11:42:29+00:00\",\"dateModified\":\"2025-08-06T14:22:09+00:00\",\"description\":\"Betting on golf at Madmarket can appear complex but this guide will help you understand the latest golf betting odds.\",\"breadcrumb\":{\"@id\":\"https:\\\/\\\/madmarket.io\\\/golf-betting\\\/#breadcrumb\"},\"inLanguage\":\"pt-PT\",\"potentialAction\":[{\"@type\":\"ReadAction\",\"target\":[\"https:\\\/\\\/madmarket.io\\\/golf-betting\\\/\"]}]},{\"@type\":\"BreadcrumbList\",\"@id\":\"https:\\\/\\\/madmarket.io\\\/golf-betting\\\/#breadcrumb\",\"itemListElement\":[{\"@type\":\"ListItem\",\"position\":1,\"name\":\"Home\",\"item\":\"https:\\\/\\\/madmarket.io\\\/\"},{\"@type\":\"ListItem\",\"position\":2,\"name\":\"Golf Betting\"}]},{\"@type\":\"WebSite\",\"@id\":\"https:\\\/\\\/madmarket.io\\\/#website\",\"url\":\"https:\\\/\\\/madmarket.io\\\/\",\"name\":\"Mad Market\",\"description\":\"\",\"publisher\":{\"@id\":\"https:\\\/\\\/madmarket.io\\\/#organization\"},\"potentialAction\":[{\"@type\":\"SearchAction\",\"target\":{\"@type\":\"EntryPoint\",\"urlTemplate\":\"https:\\\/\\\/madmarket.io\\\/?s={search_term_string}\"},\"query-input\":{\"@type\":\"PropertyValueSpecification\",\"valueRequired\":true,\"valueName\":\"search_term_string\"}}],\"inLanguage\":\"pt-PT\"},{\"@type\":\"Organization\",\"@id\":\"https:\\\/\\\/madmarket.io\\\/#organization\",\"name\":\"Mad Market\",\"url\":\"https:\\\/\\\/madmarket.io\\\/\",\"logo\":{\"@type\":\"ImageObject\",\"inLanguage\":\"pt-PT\",\"@id\":\"https:\\\/\\\/madmarket.io\\\/#\\\/schema\\\/logo\\\/image\\\/\",\"url\":\"https:\\\/\\\/madmarket.io\\\/wp-content\\\/uploads\\\/2024\\\/07\\\/icon-384x384-1.png\",\"contentUrl\":\"https:\\\/\\\/madmarket.io\\\/wp-content\\\/uploads\\\/2024\\\/07\\\/icon-384x384-1.png\",\"width\":384,\"height\":384,\"caption\":\"Mad Market\"},\"image\":{\"@id\":\"https:\\\/\\\/madmarket.io\\\/#\\\/schema\\\/logo\\\/image\\\/\"}}]}<\/script>\n<!-- \/ Yoast SEO Premium plugin. -->","yoast_head_json":{"title":"Compreender como apostar no golfe. MadMarket.io","description":"Apostar no golfe no Madmarket pode parecer complexo, mas este guia ajud\u00e1-lo-\u00e1 a compreender as \u00faltimas probabilidades de apostas no golfe.","robots":{"index":"index","follow":"follow","max-snippet":"max-snippet:-1","max-image-preview":"max-image-preview:large","max-video-preview":"max-video-preview:-1"},"canonical":"https:\/\/madmarket.io\/pt\/apostas-de-golfe\/","og_locale":"pt_PT","og_type":"article","og_title":"Golf Betting","og_description":"Betting on golf at Madmarket can appear complex but this guide will help you understand the latest golf betting odds.","og_url":"https:\/\/madmarket.io\/pt\/apostas-de-golfe\/","og_site_name":"Mad Market","article_modified_time":"2025-08-06T14:22:09+00:00","twitter_card":"summary_large_image","schema":{"@context":"https:\/\/schema.org","@graph":[{"@type":"WebPage","@id":"https:\/\/madmarket.io\/golf-betting\/","url":"https:\/\/madmarket.io\/golf-betting\/","name":"Compreender como apostar no golfe. MadMarket.io","isPartOf":{"@id":"https:\/\/madmarket.io\/#website"},"datePublished":"2025-02-26T11:42:29+00:00","dateModified":"2025-08-06T14:22:09+00:00","description":"Apostar no golfe no Madmarket pode parecer complexo, mas este guia ajud\u00e1-lo-\u00e1 a compreender as \u00faltimas probabilidades de apostas no golfe.","breadcrumb":{"@id":"https:\/\/madmarket.io\/golf-betting\/#breadcrumb"},"inLanguage":"pt-PT","potentialAction":[{"@type":"ReadAction","target":["https:\/\/madmarket.io\/golf-betting\/"]}]},{"@type":"BreadcrumbList","@id":"https:\/\/madmarket.io\/golf-betting\/#breadcrumb","itemListElement":[{"@type":"ListItem","position":1,"name":"Home","item":"https:\/\/madmarket.io\/"},{"@type":"ListItem","position":2,"name":"Golf Betting"}]},{"@type":"WebSite","@id":"https:\/\/madmarket.io\/#website","url":"https:\/\/madmarket.io\/","name":"Mercado louco","description":"","publisher":{"@id":"https:\/\/madmarket.io\/#organization"},"potentialAction":[{"@type":"SearchAction","target":{"@type":"EntryPoint","urlTemplate":"https:\/\/madmarket.io\/?s={search_term_string}"},"query-input":{"@type":"PropertyValueSpecification","valueRequired":true,"valueName":"search_term_string"}}],"inLanguage":"pt-PT"},{"@type":"Organization","@id":"https:\/\/madmarket.io\/#organization","name":"Mercado louco","url":"https:\/\/madmarket.io\/","logo":{"@type":"ImageObject","inLanguage":"pt-PT","@id":"https:\/\/madmarket.io\/#\/schema\/logo\/image\/","url":"https:\/\/madmarket.io\/wp-content\/uploads\/2024\/07\/icon-384x384-1.png","contentUrl":"https:\/\/madmarket.io\/wp-content\/uploads\/2024\/07\/icon-384x384-1.png","width":384,"height":384,"caption":"Mad Market"},"image":{"@id":"https:\/\/madmarket.io\/#\/schema\/logo\/image\/"}}]}},"_links":{"self":[{"href":"https:\/\/madmarket.io\/pt\/wp-json\/wp\/v2\/pages\/2429","targetHints":{"allow":["GET"]}}],"collection":[{"href":"https:\/\/madmarket.io\/pt\/wp-json\/wp\/v2\/pages"}],"about":[{"href":"https:\/\/madmarket.io\/pt\/wp-json\/wp\/v2\/types\/page"}],"author":[{"embeddable":true,"href":"https:\/\/madmarket.io\/pt\/wp-json\/wp\/v2\/users\/6"}],"replies":[{"embeddable":true,"href":"https:\/\/madmarket.io\/pt\/wp-json\/wp\/v2\/comments?post=2429"}],"version-history":[{"count":15,"href":"https:\/\/madmarket.io\/pt\/wp-json\/wp\/v2\/pages\/2429\/revisions"}],"predecessor-version":[{"id":9543,"href":"https:\/\/madmarket.io\/pt\/wp-json\/wp\/v2\/pages\/2429\/revisions\/9543"}],"wp:attachment":[{"href":"https:\/\/madmarket.io\/pt\/wp-json\/wp\/v2\/media?parent=2429"}],"curies":[{"name":"wp","href":"https:\/\/api.w.org\/{rel}","templated":true}]}}