{"id":230,"date":"2024-07-30T08:36:42","date_gmt":"2024-07-30T08:36:42","guid":{"rendered":"https:\/\/madmarket.io\/?page_id=230"},"modified":"2025-06-19T11:51:22","modified_gmt":"2025-06-19T11:51:22","slug":"orbit-exchange","status":"publish","type":"page","link":"https:\/\/madmarket.io\/pt\/orbit-exchange\/","title":{"rendered":"Troca de \u00f3rbita"},"content":{"rendered":"","protected":false},"excerpt":{"rendered":"","protected":false},"author":4,"featured_media":0,"parent":0,"menu_order":0,"comment_status":"closed","ping_status":"closed","template":"","meta":{"_acf_changed":false},"class_list":["post-230","page","type-page","status-publish","hentry"],"acf":[],"yoast_head":"<!-- This site is optimized with the Yoast SEO Premium plugin v27.4 (Yoast SEO v27.4) - https:\/\/yoast.com\/product\/yoast-seo-premium-wordpress\/ -->\n<title>Why is Orbit Exchange a great option for exchange betting<\/title>\n<meta name=\"description\" content=\"Find out more about Orbit Exchange. Understand why Orbit Exchange brokers are a great alternative to Betfair and other betting exchanges.\" \/>\n<meta name=\"robots\" content=\"noindex, nofollow\" \/>\n<meta property=\"og:locale\" content=\"pt_PT\" \/>\n<meta property=\"og:type\" content=\"article\" \/>\n<meta property=\"og:title\" content=\"Orbit Exchange\" \/>\n<meta property=\"og:description\" content=\"Find out more about Orbit Exchange. Understand why Orbit Exchange brokers are a great alternative to Betfair and other betting exchanges.\" \/>\n<meta property=\"og:url\" content=\"https:\/\/madmarket.io\/pt\/orbit-exchange\/\" \/>\n<meta property=\"og:site_name\" content=\"Mad Market\" \/>\n<meta property=\"article:modified_time\" content=\"2025-06-19T11:51:22+00:00\" \/>\n<meta name=\"twitter:card\" content=\"summary_large_image\" \/>\n<script type=\"application\/ld+json\" class=\"yoast-schema-graph\">{\"@context\":\"https:\\\/\\\/schema.org\",\"@graph\":[{\"@type\":\"WebPage\",\"@id\":\"https:\\\/\\\/madmarket.io\\\/orbit-exchange\\\/\",\"url\":\"https:\\\/\\\/madmarket.io\\\/orbit-exchange\\\/\",\"name\":\"Why is Orbit Exchange a great option for exchange betting\",\"isPartOf\":{\"@id\":\"https:\\\/\\\/madmarket.io\\\/#website\"},\"datePublished\":\"2024-07-30T08:36:42+00:00\",\"dateModified\":\"2025-06-19T11:51:22+00:00\",\"description\":\"Find out more about Orbit Exchange. Understand why Orbit Exchange brokers are a great alternative to Betfair and other betting exchanges.\",\"breadcrumb\":{\"@id\":\"https:\\\/\\\/madmarket.io\\\/orbit-exchange\\\/#breadcrumb\"},\"inLanguage\":\"pt-PT\",\"potentialAction\":[{\"@type\":\"ReadAction\",\"target\":[\"https:\\\/\\\/madmarket.io\\\/orbit-exchange\\\/\"]}]},{\"@type\":\"BreadcrumbList\",\"@id\":\"https:\\\/\\\/madmarket.io\\\/orbit-exchange\\\/#breadcrumb\",\"itemListElement\":[{\"@type\":\"ListItem\",\"position\":1,\"name\":\"Home\",\"item\":\"https:\\\/\\\/madmarket.io\\\/\"},{\"@type\":\"ListItem\",\"position\":2,\"name\":\"Orbit Exchange\"}]},{\"@type\":\"WebSite\",\"@id\":\"https:\\\/\\\/madmarket.io\\\/#website\",\"url\":\"https:\\\/\\\/madmarket.io\\\/\",\"name\":\"Mad Market\",\"description\":\"\",\"publisher\":{\"@id\":\"https:\\\/\\\/madmarket.io\\\/#organization\"},\"potentialAction\":[{\"@type\":\"SearchAction\",\"target\":{\"@type\":\"EntryPoint\",\"urlTemplate\":\"https:\\\/\\\/madmarket.io\\\/?s={search_term_string}\"},\"query-input\":{\"@type\":\"PropertyValueSpecification\",\"valueRequired\":true,\"valueName\":\"search_term_string\"}}],\"inLanguage\":\"pt-PT\"},{\"@type\":\"Organization\",\"@id\":\"https:\\\/\\\/madmarket.io\\\/#organization\",\"name\":\"Mad Market\",\"url\":\"https:\\\/\\\/madmarket.io\\\/\",\"logo\":{\"@type\":\"ImageObject\",\"inLanguage\":\"pt-PT\",\"@id\":\"https:\\\/\\\/madmarket.io\\\/#\\\/schema\\\/logo\\\/image\\\/\",\"url\":\"https:\\\/\\\/madmarket.io\\\/wp-content\\\/uploads\\\/2024\\\/07\\\/icon-384x384-1.png\",\"contentUrl\":\"https:\\\/\\\/madmarket.io\\\/wp-content\\\/uploads\\\/2024\\\/07\\\/icon-384x384-1.png\",\"width\":384,\"height\":384,\"caption\":\"Mad Market\"},\"image\":{\"@id\":\"https:\\\/\\\/madmarket.io\\\/#\\\/schema\\\/logo\\\/image\\\/\"}}]}<\/script>\n<!-- \/ Yoast SEO Premium plugin. -->","yoast_head_json":{"title":"Porque \u00e9 que a Orbit Exchange \u00e9 uma \u00f3ptima op\u00e7\u00e3o para apostas de bolsa","description":"Saiba mais sobre a Orbit Exchange. Perceba porque \u00e9 que os corretores Orbit Exchange s\u00e3o uma excelente alternativa \u00e0 Betfair e a outras bolsas de apostas.","robots":{"index":"noindex","follow":"nofollow"},"og_locale":"pt_PT","og_type":"article","og_title":"Orbit Exchange","og_description":"Find out more about Orbit Exchange. Understand why Orbit Exchange brokers are a great alternative to Betfair and other betting exchanges.","og_url":"https:\/\/madmarket.io\/pt\/orbit-exchange\/","og_site_name":"Mad Market","article_modified_time":"2025-06-19T11:51:22+00:00","twitter_card":"summary_large_image","schema":{"@context":"https:\/\/schema.org","@graph":[{"@type":"WebPage","@id":"https:\/\/madmarket.io\/orbit-exchange\/","url":"https:\/\/madmarket.io\/orbit-exchange\/","name":"Porque \u00e9 que a Orbit Exchange \u00e9 uma \u00f3ptima op\u00e7\u00e3o para apostas de bolsa","isPartOf":{"@id":"https:\/\/madmarket.io\/#website"},"datePublished":"2024-07-30T08:36:42+00:00","dateModified":"2025-06-19T11:51:22+00:00","description":"Saiba mais sobre a Orbit Exchange. Perceba porque \u00e9 que os corretores Orbit Exchange s\u00e3o uma excelente alternativa \u00e0 Betfair e a outras bolsas de apostas.","breadcrumb":{"@id":"https:\/\/madmarket.io\/orbit-exchange\/#breadcrumb"},"inLanguage":"pt-PT","potentialAction":[{"@type":"ReadAction","target":["https:\/\/madmarket.io\/orbit-exchange\/"]}]},{"@type":"BreadcrumbList","@id":"https:\/\/madmarket.io\/orbit-exchange\/#breadcrumb","itemListElement":[{"@type":"ListItem","position":1,"name":"Home","item":"https:\/\/madmarket.io\/"},{"@type":"ListItem","position":2,"name":"Orbit Exchange"}]},{"@type":"WebSite","@id":"https:\/\/madmarket.io\/#website","url":"https:\/\/madmarket.io\/","name":"Mercado louco","description":"","publisher":{"@id":"https:\/\/madmarket.io\/#organization"},"potentialAction":[{"@type":"SearchAction","target":{"@type":"EntryPoint","urlTemplate":"https:\/\/madmarket.io\/?s={search_term_string}"},"query-input":{"@type":"PropertyValueSpecification","valueRequired":true,"valueName":"search_term_string"}}],"inLanguage":"pt-PT"},{"@type":"Organization","@id":"https:\/\/madmarket.io\/#organization","name":"Mercado louco","url":"https:\/\/madmarket.io\/","logo":{"@type":"ImageObject","inLanguage":"pt-PT","@id":"https:\/\/madmarket.io\/#\/schema\/logo\/image\/","url":"https:\/\/madmarket.io\/wp-content\/uploads\/2024\/07\/icon-384x384-1.png","contentUrl":"https:\/\/madmarket.io\/wp-content\/uploads\/2024\/07\/icon-384x384-1.png","width":384,"height":384,"caption":"Mad Market"},"image":{"@id":"https:\/\/madmarket.io\/#\/schema\/logo\/image\/"}}]}},"_links":{"self":[{"href":"https:\/\/madmarket.io\/pt\/wp-json\/wp\/v2\/pages\/230","targetHints":{"allow":["GET"]}}],"collection":[{"href":"https:\/\/madmarket.io\/pt\/wp-json\/wp\/v2\/pages"}],"about":[{"href":"https:\/\/madmarket.io\/pt\/wp-json\/wp\/v2\/types\/page"}],"author":[{"embeddable":true,"href":"https:\/\/madmarket.io\/pt\/wp-json\/wp\/v2\/users\/4"}],"replies":[{"embeddable":true,"href":"https:\/\/madmarket.io\/pt\/wp-json\/wp\/v2\/comments?post=230"}],"version-history":[{"count":5,"href":"https:\/\/madmarket.io\/pt\/wp-json\/wp\/v2\/pages\/230\/revisions"}],"predecessor-version":[{"id":5094,"href":"https:\/\/madmarket.io\/pt\/wp-json\/wp\/v2\/pages\/230\/revisions\/5094"}],"wp:attachment":[{"href":"https:\/\/madmarket.io\/pt\/wp-json\/wp\/v2\/media?parent=230"}],"curies":[{"name":"wp","href":"https:\/\/api.w.org\/{rel}","templated":true}]}}