{"id":179,"date":"2024-07-29T14:36:36","date_gmt":"2024-07-29T14:36:36","guid":{"rendered":"https:\/\/madmarket.io\/?page_id=179"},"modified":"2025-08-06T10:27:54","modified_gmt":"2025-08-06T10:27:54","slug":"tipos-de-apostas","status":"publish","type":"page","link":"https:\/\/madmarket.io\/pt\/tipos-de-apostas\/","title":{"rendered":"Tipos de apostas"},"content":{"rendered":"","protected":false},"excerpt":{"rendered":"","protected":false},"author":4,"featured_media":0,"parent":0,"menu_order":0,"comment_status":"closed","ping_status":"closed","template":"","meta":{"_acf_changed":false},"class_list":["post-179","page","type-page","status-publish","hentry"],"acf":[],"yoast_head":"<!-- This site is optimized with the Yoast SEO Premium plugin v27.3 (Yoast SEO v27.3) - https:\/\/yoast.com\/product\/yoast-seo-premium-wordpress\/ -->\n<title>Madmarket, the right betting brokerage for all Types of Bets<\/title>\n<meta name=\"description\" content=\"Read why MadMarket is a great betting exchange for all types of bet. Find out about the different types of bets that are on offer.\" \/>\n<meta name=\"robots\" content=\"index, follow, max-snippet:-1, max-image-preview:large, max-video-preview:-1\" \/>\n<link rel=\"canonical\" href=\"https:\/\/madmarket.io\/pt\/tipos-de-apostas\/\" \/>\n<meta property=\"og:locale\" content=\"pt_PT\" \/>\n<meta property=\"og:type\" content=\"article\" \/>\n<meta property=\"og:title\" content=\"Types of Bets\" \/>\n<meta property=\"og:description\" content=\"Read why MadMarket is a great betting exchange for all types of bet. Find out about the different types of bets that are on offer.\" \/>\n<meta property=\"og:url\" content=\"https:\/\/madmarket.io\/pt\/tipos-de-apostas\/\" \/>\n<meta property=\"og:site_name\" content=\"Mad Market\" \/>\n<meta property=\"article:modified_time\" content=\"2025-08-06T10:27:54+00:00\" \/>\n<meta name=\"twitter:card\" content=\"summary_large_image\" \/>\n<script type=\"application\/ld+json\" class=\"yoast-schema-graph\">{\"@context\":\"https:\\\/\\\/schema.org\",\"@graph\":[{\"@type\":\"WebPage\",\"@id\":\"https:\\\/\\\/madmarket.io\\\/betting-guide-types-of-bets\\\/\",\"url\":\"https:\\\/\\\/madmarket.io\\\/betting-guide-types-of-bets\\\/\",\"name\":\"Madmarket, the right betting brokerage for all Types of Bets\",\"isPartOf\":{\"@id\":\"https:\\\/\\\/madmarket.io\\\/#website\"},\"datePublished\":\"2024-07-29T14:36:36+00:00\",\"dateModified\":\"2025-08-06T10:27:54+00:00\",\"description\":\"Read why MadMarket is a great betting exchange for all types of bet. Find out about the different types of bets that are on offer.\",\"breadcrumb\":{\"@id\":\"https:\\\/\\\/madmarket.io\\\/betting-guide-types-of-bets\\\/#breadcrumb\"},\"inLanguage\":\"pt-PT\",\"potentialAction\":[{\"@type\":\"ReadAction\",\"target\":[\"https:\\\/\\\/madmarket.io\\\/betting-guide-types-of-bets\\\/\"]}]},{\"@type\":\"BreadcrumbList\",\"@id\":\"https:\\\/\\\/madmarket.io\\\/betting-guide-types-of-bets\\\/#breadcrumb\",\"itemListElement\":[{\"@type\":\"ListItem\",\"position\":1,\"name\":\"Home\",\"item\":\"https:\\\/\\\/madmarket.io\\\/\"},{\"@type\":\"ListItem\",\"position\":2,\"name\":\"Types of Bets\"}]},{\"@type\":\"WebSite\",\"@id\":\"https:\\\/\\\/madmarket.io\\\/#website\",\"url\":\"https:\\\/\\\/madmarket.io\\\/\",\"name\":\"Mad Market\",\"description\":\"\",\"publisher\":{\"@id\":\"https:\\\/\\\/madmarket.io\\\/#organization\"},\"potentialAction\":[{\"@type\":\"SearchAction\",\"target\":{\"@type\":\"EntryPoint\",\"urlTemplate\":\"https:\\\/\\\/madmarket.io\\\/?s={search_term_string}\"},\"query-input\":{\"@type\":\"PropertyValueSpecification\",\"valueRequired\":true,\"valueName\":\"search_term_string\"}}],\"inLanguage\":\"pt-PT\"},{\"@type\":\"Organization\",\"@id\":\"https:\\\/\\\/madmarket.io\\\/#organization\",\"name\":\"Mad Market\",\"url\":\"https:\\\/\\\/madmarket.io\\\/\",\"logo\":{\"@type\":\"ImageObject\",\"inLanguage\":\"pt-PT\",\"@id\":\"https:\\\/\\\/madmarket.io\\\/#\\\/schema\\\/logo\\\/image\\\/\",\"url\":\"https:\\\/\\\/madmarket.io\\\/wp-content\\\/uploads\\\/2024\\\/07\\\/icon-384x384-1.png\",\"contentUrl\":\"https:\\\/\\\/madmarket.io\\\/wp-content\\\/uploads\\\/2024\\\/07\\\/icon-384x384-1.png\",\"width\":384,\"height\":384,\"caption\":\"Mad Market\"},\"image\":{\"@id\":\"https:\\\/\\\/madmarket.io\\\/#\\\/schema\\\/logo\\\/image\\\/\"}}]}<\/script>\n<!-- \/ Yoast SEO Premium plugin. -->","yoast_head_json":{"title":"Madmarket, a corretora de apostas certa para todos os tipos de apostas","description":"Leia porque \u00e9 que o MadMarket \u00e9 uma excelente bolsa de apostas para todos os tipos de apostas. Saiba mais sobre os diferentes tipos de apostas que s\u00e3o oferecidos.","robots":{"index":"index","follow":"follow","max-snippet":"max-snippet:-1","max-image-preview":"max-image-preview:large","max-video-preview":"max-video-preview:-1"},"canonical":"https:\/\/madmarket.io\/pt\/tipos-de-apostas\/","og_locale":"pt_PT","og_type":"article","og_title":"Types of Bets","og_description":"Read why MadMarket is a great betting exchange for all types of bet. Find out about the different types of bets that are on offer.","og_url":"https:\/\/madmarket.io\/pt\/tipos-de-apostas\/","og_site_name":"Mad Market","article_modified_time":"2025-08-06T10:27:54+00:00","twitter_card":"summary_large_image","schema":{"@context":"https:\/\/schema.org","@graph":[{"@type":"WebPage","@id":"https:\/\/madmarket.io\/betting-guide-types-of-bets\/","url":"https:\/\/madmarket.io\/betting-guide-types-of-bets\/","name":"Madmarket, a corretora de apostas certa para todos os tipos de apostas","isPartOf":{"@id":"https:\/\/madmarket.io\/#website"},"datePublished":"2024-07-29T14:36:36+00:00","dateModified":"2025-08-06T10:27:54+00:00","description":"Leia porque \u00e9 que o MadMarket \u00e9 uma excelente bolsa de apostas para todos os tipos de apostas. Saiba mais sobre os diferentes tipos de apostas que s\u00e3o oferecidos.","breadcrumb":{"@id":"https:\/\/madmarket.io\/betting-guide-types-of-bets\/#breadcrumb"},"inLanguage":"pt-PT","potentialAction":[{"@type":"ReadAction","target":["https:\/\/madmarket.io\/betting-guide-types-of-bets\/"]}]},{"@type":"BreadcrumbList","@id":"https:\/\/madmarket.io\/betting-guide-types-of-bets\/#breadcrumb","itemListElement":[{"@type":"ListItem","position":1,"name":"Home","item":"https:\/\/madmarket.io\/"},{"@type":"ListItem","position":2,"name":"Types of Bets"}]},{"@type":"WebSite","@id":"https:\/\/madmarket.io\/#website","url":"https:\/\/madmarket.io\/","name":"Mercado louco","description":"","publisher":{"@id":"https:\/\/madmarket.io\/#organization"},"potentialAction":[{"@type":"SearchAction","target":{"@type":"EntryPoint","urlTemplate":"https:\/\/madmarket.io\/?s={search_term_string}"},"query-input":{"@type":"PropertyValueSpecification","valueRequired":true,"valueName":"search_term_string"}}],"inLanguage":"pt-PT"},{"@type":"Organization","@id":"https:\/\/madmarket.io\/#organization","name":"Mercado louco","url":"https:\/\/madmarket.io\/","logo":{"@type":"ImageObject","inLanguage":"pt-PT","@id":"https:\/\/madmarket.io\/#\/schema\/logo\/image\/","url":"https:\/\/madmarket.io\/wp-content\/uploads\/2024\/07\/icon-384x384-1.png","contentUrl":"https:\/\/madmarket.io\/wp-content\/uploads\/2024\/07\/icon-384x384-1.png","width":384,"height":384,"caption":"Mad Market"},"image":{"@id":"https:\/\/madmarket.io\/#\/schema\/logo\/image\/"}}]}},"_links":{"self":[{"href":"https:\/\/madmarket.io\/pt\/wp-json\/wp\/v2\/pages\/179","targetHints":{"allow":["GET"]}}],"collection":[{"href":"https:\/\/madmarket.io\/pt\/wp-json\/wp\/v2\/pages"}],"about":[{"href":"https:\/\/madmarket.io\/pt\/wp-json\/wp\/v2\/types\/page"}],"author":[{"embeddable":true,"href":"https:\/\/madmarket.io\/pt\/wp-json\/wp\/v2\/users\/4"}],"replies":[{"embeddable":true,"href":"https:\/\/madmarket.io\/pt\/wp-json\/wp\/v2\/comments?post=179"}],"version-history":[{"count":11,"href":"https:\/\/madmarket.io\/pt\/wp-json\/wp\/v2\/pages\/179\/revisions"}],"predecessor-version":[{"id":9498,"href":"https:\/\/madmarket.io\/pt\/wp-json\/wp\/v2\/pages\/179\/revisions\/9498"}],"wp:attachment":[{"href":"https:\/\/madmarket.io\/pt\/wp-json\/wp\/v2\/media?parent=179"}],"curies":[{"name":"wp","href":"https:\/\/api.w.org\/{rel}","templated":true}]}}