{"id":11260,"date":"2025-10-17T09:58:35","date_gmt":"2025-10-17T09:58:35","guid":{"rendered":"https:\/\/madmarket.io\/?page_id=11260"},"modified":"2025-11-13T02:26:39","modified_gmt":"2025-11-13T02:26:39","slug":"double-bet","status":"publish","type":"page","link":"https:\/\/madmarket.io\/it\/guida-alle-scommesse\/double-bet\/","title":{"rendered":"Scommessa doppia"},"content":{"rendered":"","protected":false},"excerpt":{"rendered":"","protected":false},"author":4,"featured_media":4602,"parent":176,"menu_order":0,"comment_status":"closed","ping_status":"closed","template":"","meta":{"_acf_changed":false},"class_list":["post-11260","page","type-page","status-publish","has-post-thumbnail","hentry"],"acf":[],"yoast_head":"<!-- This site is optimized with the Yoast SEO Premium plugin v27.3 (Yoast SEO v27.3) - https:\/\/yoast.com\/product\/yoast-seo-premium-wordpress\/ -->\n<title>Key information on how and why to place a Double Bet<\/title>\n<meta name=\"description\" content=\"Placing double bets can lead to huge profit but is also risky. Find out how to place double bets effectively here.\" \/>\n<meta name=\"robots\" content=\"index, follow, max-snippet:-1, max-image-preview:large, max-video-preview:-1\" \/>\n<link rel=\"canonical\" href=\"https:\/\/madmarket.io\/it\/guida-alle-scommesse\/double-bet\/\" \/>\n<meta property=\"og:locale\" content=\"it_IT\" \/>\n<meta property=\"og:type\" content=\"article\" \/>\n<meta property=\"og:title\" content=\"Double Bet Guide to Outright Betting at MadMarket\" \/>\n<meta property=\"og:description\" content=\"Key information on outright betting, including which sports are best suited to outright betting.\" \/>\n<meta property=\"og:url\" content=\"https:\/\/madmarket.io\/it\/guida-alle-scommesse\/double-bet\/\" \/>\n<meta property=\"og:site_name\" content=\"Mad Market\" \/>\n<meta property=\"article:modified_time\" content=\"2025-11-13T02:26:39+00:00\" \/>\n<meta property=\"og:image\" content=\"https:\/\/madmarket.io\/wp-content\/uploads\/2024\/12\/BI091-Outright.webp\" \/>\n\t<meta property=\"og:image:width\" content=\"2048\" \/>\n\t<meta property=\"og:image:height\" content=\"1152\" \/>\n\t<meta property=\"og:image:type\" content=\"image\/webp\" \/>\n<meta name=\"twitter:card\" content=\"summary_large_image\" \/>\n<meta name=\"twitter:title\" content=\"Double Bet\" \/>\n<meta name=\"twitter:label1\" content=\"Tempo di lettura stimato\" \/>\n\t<meta name=\"twitter:data1\" content=\"1 minuto\" \/>\n<script type=\"application\/ld+json\" class=\"yoast-schema-graph\">{\"@context\":\"https:\\\/\\\/schema.org\",\"@graph\":[{\"@type\":\"WebPage\",\"@id\":\"https:\\\/\\\/madmarket.io\\\/betting-guide\\\/double-bet\\\/\",\"url\":\"https:\\\/\\\/madmarket.io\\\/betting-guide\\\/double-bet\\\/\",\"name\":\"Key information on how and why to place a Double Bet\",\"isPartOf\":{\"@id\":\"https:\\\/\\\/madmarket.io\\\/#website\"},\"primaryImageOfPage\":{\"@id\":\"https:\\\/\\\/madmarket.io\\\/betting-guide\\\/double-bet\\\/#primaryimage\"},\"image\":{\"@id\":\"https:\\\/\\\/madmarket.io\\\/betting-guide\\\/double-bet\\\/#primaryimage\"},\"thumbnailUrl\":\"https:\\\/\\\/madmarket.io\\\/wp-content\\\/uploads\\\/2025\\\/05\\\/BI125-Double-Bet.webp\",\"datePublished\":\"2025-10-17T09:58:35+00:00\",\"dateModified\":\"2025-11-13T02:26:39+00:00\",\"description\":\"Placing double bets can lead to huge profit but is also risky. Find out how to place double bets effectively here.\",\"breadcrumb\":{\"@id\":\"https:\\\/\\\/madmarket.io\\\/betting-guide\\\/double-bet\\\/#breadcrumb\"},\"inLanguage\":\"it-IT\",\"potentialAction\":[{\"@type\":\"ReadAction\",\"target\":[\"https:\\\/\\\/madmarket.io\\\/betting-guide\\\/double-bet\\\/\"]}]},{\"@type\":\"ImageObject\",\"inLanguage\":\"it-IT\",\"@id\":\"https:\\\/\\\/madmarket.io\\\/betting-guide\\\/double-bet\\\/#primaryimage\",\"url\":\"https:\\\/\\\/madmarket.io\\\/wp-content\\\/uploads\\\/2025\\\/05\\\/BI125-Double-Bet.webp\",\"contentUrl\":\"https:\\\/\\\/madmarket.io\\\/wp-content\\\/uploads\\\/2025\\\/05\\\/BI125-Double-Bet.webp\",\"width\":2048,\"height\":1152,\"caption\":\"double bet\"},{\"@type\":\"BreadcrumbList\",\"@id\":\"https:\\\/\\\/madmarket.io\\\/betting-guide\\\/double-bet\\\/#breadcrumb\",\"itemListElement\":[{\"@type\":\"ListItem\",\"position\":1,\"name\":\"Home\",\"item\":\"https:\\\/\\\/madmarket.io\\\/\"},{\"@type\":\"ListItem\",\"position\":2,\"name\":\"Betting Guide\",\"item\":\"https:\\\/\\\/madmarket.io\\\/betting-guide\\\/\"},{\"@type\":\"ListItem\",\"position\":3,\"name\":\"Double Bet\"}]},{\"@type\":\"WebSite\",\"@id\":\"https:\\\/\\\/madmarket.io\\\/#website\",\"url\":\"https:\\\/\\\/madmarket.io\\\/\",\"name\":\"Mad Market\",\"description\":\"\",\"publisher\":{\"@id\":\"https:\\\/\\\/madmarket.io\\\/#organization\"},\"potentialAction\":[{\"@type\":\"SearchAction\",\"target\":{\"@type\":\"EntryPoint\",\"urlTemplate\":\"https:\\\/\\\/madmarket.io\\\/?s={search_term_string}\"},\"query-input\":{\"@type\":\"PropertyValueSpecification\",\"valueRequired\":true,\"valueName\":\"search_term_string\"}}],\"inLanguage\":\"it-IT\"},{\"@type\":\"Organization\",\"@id\":\"https:\\\/\\\/madmarket.io\\\/#organization\",\"name\":\"Mad Market\",\"url\":\"https:\\\/\\\/madmarket.io\\\/\",\"logo\":{\"@type\":\"ImageObject\",\"inLanguage\":\"it-IT\",\"@id\":\"https:\\\/\\\/madmarket.io\\\/#\\\/schema\\\/logo\\\/image\\\/\",\"url\":\"https:\\\/\\\/madmarket.io\\\/wp-content\\\/uploads\\\/2024\\\/07\\\/icon-384x384-1.png\",\"contentUrl\":\"https:\\\/\\\/madmarket.io\\\/wp-content\\\/uploads\\\/2024\\\/07\\\/icon-384x384-1.png\",\"width\":384,\"height\":384,\"caption\":\"Mad Market\"},\"image\":{\"@id\":\"https:\\\/\\\/madmarket.io\\\/#\\\/schema\\\/logo\\\/image\\\/\"}}]}<\/script>\n<!-- \/ Yoast SEO Premium plugin. -->","yoast_head_json":{"title":"Informazioni chiave su come e perch\u00e9 piazzare una Scommessa Doppia","description":"Piazzare scommesse doppie pu\u00f2 portare a enormi profitti, ma \u00e8 anche rischioso. Scoprite qui come piazzare scommesse doppie in modo efficace.","robots":{"index":"index","follow":"follow","max-snippet":"max-snippet:-1","max-image-preview":"max-image-preview:large","max-video-preview":"max-video-preview:-1"},"canonical":"https:\/\/madmarket.io\/it\/guida-alle-scommesse\/double-bet\/","og_locale":"it_IT","og_type":"article","og_title":"Double Bet Guide to Outright Betting at MadMarket","og_description":"Key information on outright betting, including which sports are best suited to outright betting.","og_url":"https:\/\/madmarket.io\/it\/guida-alle-scommesse\/double-bet\/","og_site_name":"Mad Market","article_modified_time":"2025-11-13T02:26:39+00:00","og_image":[{"width":2048,"height":1152,"url":"https:\/\/madmarket.io\/wp-content\/uploads\/2024\/12\/BI091-Outright.webp","type":"image\/webp"}],"twitter_card":"summary_large_image","twitter_title":"Double Bet","twitter_misc":{"Tempo di lettura stimato":"1 minuto"},"schema":{"@context":"https:\/\/schema.org","@graph":[{"@type":"WebPage","@id":"https:\/\/madmarket.io\/betting-guide\/double-bet\/","url":"https:\/\/madmarket.io\/betting-guide\/double-bet\/","name":"Informazioni chiave su come e perch\u00e9 piazzare una Scommessa Doppia","isPartOf":{"@id":"https:\/\/madmarket.io\/#website"},"primaryImageOfPage":{"@id":"https:\/\/madmarket.io\/betting-guide\/double-bet\/#primaryimage"},"image":{"@id":"https:\/\/madmarket.io\/betting-guide\/double-bet\/#primaryimage"},"thumbnailUrl":"https:\/\/madmarket.io\/wp-content\/uploads\/2025\/05\/BI125-Double-Bet.webp","datePublished":"2025-10-17T09:58:35+00:00","dateModified":"2025-11-13T02:26:39+00:00","description":"Piazzare scommesse doppie pu\u00f2 portare a enormi profitti, ma \u00e8 anche rischioso. Scoprite qui come piazzare scommesse doppie in modo efficace.","breadcrumb":{"@id":"https:\/\/madmarket.io\/betting-guide\/double-bet\/#breadcrumb"},"inLanguage":"it-IT","potentialAction":[{"@type":"ReadAction","target":["https:\/\/madmarket.io\/betting-guide\/double-bet\/"]}]},{"@type":"ImageObject","inLanguage":"it-IT","@id":"https:\/\/madmarket.io\/betting-guide\/double-bet\/#primaryimage","url":"https:\/\/madmarket.io\/wp-content\/uploads\/2025\/05\/BI125-Double-Bet.webp","contentUrl":"https:\/\/madmarket.io\/wp-content\/uploads\/2025\/05\/BI125-Double-Bet.webp","width":2048,"height":1152,"caption":"double bet"},{"@type":"BreadcrumbList","@id":"https:\/\/madmarket.io\/betting-guide\/double-bet\/#breadcrumb","itemListElement":[{"@type":"ListItem","position":1,"name":"Home","item":"https:\/\/madmarket.io\/"},{"@type":"ListItem","position":2,"name":"Betting Guide","item":"https:\/\/madmarket.io\/betting-guide\/"},{"@type":"ListItem","position":3,"name":"Double Bet"}]},{"@type":"WebSite","@id":"https:\/\/madmarket.io\/#website","url":"https:\/\/madmarket.io\/","name":"Mercato pazzo","description":"","publisher":{"@id":"https:\/\/madmarket.io\/#organization"},"potentialAction":[{"@type":"SearchAction","target":{"@type":"EntryPoint","urlTemplate":"https:\/\/madmarket.io\/?s={search_term_string}"},"query-input":{"@type":"PropertyValueSpecification","valueRequired":true,"valueName":"search_term_string"}}],"inLanguage":"it-IT"},{"@type":"Organization","@id":"https:\/\/madmarket.io\/#organization","name":"Mercato pazzo","url":"https:\/\/madmarket.io\/","logo":{"@type":"ImageObject","inLanguage":"it-IT","@id":"https:\/\/madmarket.io\/#\/schema\/logo\/image\/","url":"https:\/\/madmarket.io\/wp-content\/uploads\/2024\/07\/icon-384x384-1.png","contentUrl":"https:\/\/madmarket.io\/wp-content\/uploads\/2024\/07\/icon-384x384-1.png","width":384,"height":384,"caption":"Mad Market"},"image":{"@id":"https:\/\/madmarket.io\/#\/schema\/logo\/image\/"}}]}},"_links":{"self":[{"href":"https:\/\/madmarket.io\/it\/wp-json\/wp\/v2\/pages\/11260","targetHints":{"allow":["GET"]}}],"collection":[{"href":"https:\/\/madmarket.io\/it\/wp-json\/wp\/v2\/pages"}],"about":[{"href":"https:\/\/madmarket.io\/it\/wp-json\/wp\/v2\/types\/page"}],"author":[{"embeddable":true,"href":"https:\/\/madmarket.io\/it\/wp-json\/wp\/v2\/users\/4"}],"replies":[{"embeddable":true,"href":"https:\/\/madmarket.io\/it\/wp-json\/wp\/v2\/comments?post=11260"}],"version-history":[{"count":8,"href":"https:\/\/madmarket.io\/it\/wp-json\/wp\/v2\/pages\/11260\/revisions"}],"predecessor-version":[{"id":11364,"href":"https:\/\/madmarket.io\/it\/wp-json\/wp\/v2\/pages\/11260\/revisions\/11364"}],"up":[{"embeddable":true,"href":"https:\/\/madmarket.io\/it\/wp-json\/wp\/v2\/pages\/176"}],"wp:featuredmedia":[{"embeddable":true,"href":"https:\/\/madmarket.io\/it\/wp-json\/wp\/v2\/media\/4602"}],"wp:attachment":[{"href":"https:\/\/madmarket.io\/it\/wp-json\/wp\/v2\/media?parent=11260"}],"curies":[{"name":"wp","href":"https:\/\/api.w.org\/{rel}","templated":true}]}}