{"id":4383,"date":"2025-05-27T01:27:01","date_gmt":"2025-05-27T01:27:01","guid":{"rendered":"https:\/\/madmarket.io\/?page_id=4383"},"modified":"2025-08-07T10:02:02","modified_gmt":"2025-08-07T10:02:02","slug":"social-leaderboards","status":"publish","type":"page","link":"https:\/\/madmarket.io\/fr\/social-leaderboards\/","title":{"rendered":"Tableaux de bord de la gamification"},"content":{"rendered":"","protected":false},"excerpt":{"rendered":"","protected":false},"author":4,"featured_media":0,"parent":0,"menu_order":0,"comment_status":"closed","ping_status":"closed","template":"","meta":{"_acf_changed":false},"class_list":["post-4383","page","type-page","status-publish","hentry"],"acf":[],"yoast_head":"<!-- This site is optimized with the Yoast SEO Premium plugin v27.3 (Yoast SEO v27.3) - https:\/\/yoast.com\/product\/yoast-seo-premium-wordpress\/ -->\n<title>Gamification Leaderboards - Mad Market<\/title>\n<meta name=\"description\" content=\"Compete, climb, and win with MadMarket&#039;s gamified leaderboards. Earn points, unlock rewards, and prove you&#039;re the sharpest bettor in the game \u2014 no limits, just action.\" \/>\n<meta name=\"robots\" content=\"index, follow, max-snippet:-1, max-image-preview:large, max-video-preview:-1\" \/>\n<link rel=\"canonical\" href=\"https:\/\/madmarket.io\/fr\/social-leaderboards\/\" \/>\n<meta property=\"og:locale\" content=\"fr_FR\" \/>\n<meta property=\"og:type\" content=\"article\" \/>\n<meta property=\"og:title\" content=\"Gamification Leaderboards\" \/>\n<meta property=\"og:description\" content=\"Compete, climb, and win with MadMarket&#039;s gamified leaderboards. Earn points, unlock rewards, and prove you&#039;re the sharpest bettor in the game \u2014 no limits, just action.\" \/>\n<meta property=\"og:url\" content=\"https:\/\/madmarket.io\/fr\/social-leaderboards\/\" \/>\n<meta property=\"og:site_name\" content=\"Mad Market\" \/>\n<meta property=\"article:modified_time\" content=\"2025-08-07T10:02:02+00:00\" \/>\n<meta name=\"twitter:card\" content=\"summary_large_image\" \/>\n<script type=\"application\/ld+json\" class=\"yoast-schema-graph\">{\"@context\":\"https:\\\/\\\/schema.org\",\"@graph\":[{\"@type\":\"WebPage\",\"@id\":\"https:\\\/\\\/madmarket.io\\\/social-leaderboards\\\/\",\"url\":\"https:\\\/\\\/madmarket.io\\\/social-leaderboards\\\/\",\"name\":\"Gamification Leaderboards - Mad Market\",\"isPartOf\":{\"@id\":\"https:\\\/\\\/madmarket.io\\\/#website\"},\"datePublished\":\"2025-05-27T01:27:01+00:00\",\"dateModified\":\"2025-08-07T10:02:02+00:00\",\"description\":\"Compete, climb, and win with MadMarket's gamified leaderboards. Earn points, unlock rewards, and prove you're the sharpest bettor in the game \u2014 no limits, just action.\",\"breadcrumb\":{\"@id\":\"https:\\\/\\\/madmarket.io\\\/social-leaderboards\\\/#breadcrumb\"},\"inLanguage\":\"fr-FR\",\"potentialAction\":[{\"@type\":\"ReadAction\",\"target\":[\"https:\\\/\\\/madmarket.io\\\/social-leaderboards\\\/\"]}]},{\"@type\":\"BreadcrumbList\",\"@id\":\"https:\\\/\\\/madmarket.io\\\/social-leaderboards\\\/#breadcrumb\",\"itemListElement\":[{\"@type\":\"ListItem\",\"position\":1,\"name\":\"Home\",\"item\":\"https:\\\/\\\/madmarket.io\\\/\"},{\"@type\":\"ListItem\",\"position\":2,\"name\":\"Gamification Leaderboards\"}]},{\"@type\":\"WebSite\",\"@id\":\"https:\\\/\\\/madmarket.io\\\/#website\",\"url\":\"https:\\\/\\\/madmarket.io\\\/\",\"name\":\"Mad Market\",\"description\":\"\",\"publisher\":{\"@id\":\"https:\\\/\\\/madmarket.io\\\/#organization\"},\"potentialAction\":[{\"@type\":\"SearchAction\",\"target\":{\"@type\":\"EntryPoint\",\"urlTemplate\":\"https:\\\/\\\/madmarket.io\\\/?s={search_term_string}\"},\"query-input\":{\"@type\":\"PropertyValueSpecification\",\"valueRequired\":true,\"valueName\":\"search_term_string\"}}],\"inLanguage\":\"fr-FR\"},{\"@type\":\"Organization\",\"@id\":\"https:\\\/\\\/madmarket.io\\\/#organization\",\"name\":\"Mad Market\",\"url\":\"https:\\\/\\\/madmarket.io\\\/\",\"logo\":{\"@type\":\"ImageObject\",\"inLanguage\":\"fr-FR\",\"@id\":\"https:\\\/\\\/madmarket.io\\\/#\\\/schema\\\/logo\\\/image\\\/\",\"url\":\"https:\\\/\\\/madmarket.io\\\/wp-content\\\/uploads\\\/2024\\\/07\\\/icon-384x384-1.png\",\"contentUrl\":\"https:\\\/\\\/madmarket.io\\\/wp-content\\\/uploads\\\/2024\\\/07\\\/icon-384x384-1.png\",\"width\":384,\"height\":384,\"caption\":\"Mad Market\"},\"image\":{\"@id\":\"https:\\\/\\\/madmarket.io\\\/#\\\/schema\\\/logo\\\/image\\\/\"}}]}<\/script>\n<!-- \/ Yoast SEO Premium plugin. -->","yoast_head_json":{"title":"Tableaux de bord de la gamification - Mad Market","description":"Concourez, grimpez et gagnez avec les tableaux de classement gamifi\u00e9s de MadMarket. Gagnez des points, d\u00e9bloquez des r\u00e9compenses et prouvez que vous \u00eates le meilleur parieur du jeu - pas de limites, juste de l'action.","robots":{"index":"index","follow":"follow","max-snippet":"max-snippet:-1","max-image-preview":"max-image-preview:large","max-video-preview":"max-video-preview:-1"},"canonical":"https:\/\/madmarket.io\/fr\/social-leaderboards\/","og_locale":"fr_FR","og_type":"article","og_title":"Gamification Leaderboards","og_description":"Compete, climb, and win with MadMarket's gamified leaderboards. Earn points, unlock rewards, and prove you're the sharpest bettor in the game \u2014 no limits, just action.","og_url":"https:\/\/madmarket.io\/fr\/social-leaderboards\/","og_site_name":"Mad Market","article_modified_time":"2025-08-07T10:02:02+00:00","twitter_card":"summary_large_image","schema":{"@context":"https:\/\/schema.org","@graph":[{"@type":"WebPage","@id":"https:\/\/madmarket.io\/social-leaderboards\/","url":"https:\/\/madmarket.io\/social-leaderboards\/","name":"Tableaux de bord de la gamification - Mad Market","isPartOf":{"@id":"https:\/\/madmarket.io\/#website"},"datePublished":"2025-05-27T01:27:01+00:00","dateModified":"2025-08-07T10:02:02+00:00","description":"Concourez, grimpez et gagnez avec les tableaux de classement gamifi\u00e9s de MadMarket. Gagnez des points, d\u00e9bloquez des r\u00e9compenses et prouvez que vous \u00eates le meilleur parieur du jeu - pas de limites, juste de l'action.","breadcrumb":{"@id":"https:\/\/madmarket.io\/social-leaderboards\/#breadcrumb"},"inLanguage":"fr-FR","potentialAction":[{"@type":"ReadAction","target":["https:\/\/madmarket.io\/social-leaderboards\/"]}]},{"@type":"BreadcrumbList","@id":"https:\/\/madmarket.io\/social-leaderboards\/#breadcrumb","itemListElement":[{"@type":"ListItem","position":1,"name":"Home","item":"https:\/\/madmarket.io\/"},{"@type":"ListItem","position":2,"name":"Gamification Leaderboards"}]},{"@type":"WebSite","@id":"https:\/\/madmarket.io\/#website","url":"https:\/\/madmarket.io\/","name":"March\u00e9 fou","description":"","publisher":{"@id":"https:\/\/madmarket.io\/#organization"},"potentialAction":[{"@type":"SearchAction","target":{"@type":"EntryPoint","urlTemplate":"https:\/\/madmarket.io\/?s={search_term_string}"},"query-input":{"@type":"PropertyValueSpecification","valueRequired":true,"valueName":"search_term_string"}}],"inLanguage":"fr-FR"},{"@type":"Organization","@id":"https:\/\/madmarket.io\/#organization","name":"March\u00e9 fou","url":"https:\/\/madmarket.io\/","logo":{"@type":"ImageObject","inLanguage":"fr-FR","@id":"https:\/\/madmarket.io\/#\/schema\/logo\/image\/","url":"https:\/\/madmarket.io\/wp-content\/uploads\/2024\/07\/icon-384x384-1.png","contentUrl":"https:\/\/madmarket.io\/wp-content\/uploads\/2024\/07\/icon-384x384-1.png","width":384,"height":384,"caption":"Mad Market"},"image":{"@id":"https:\/\/madmarket.io\/#\/schema\/logo\/image\/"}}]}},"_links":{"self":[{"href":"https:\/\/madmarket.io\/fr\/wp-json\/wp\/v2\/pages\/4383","targetHints":{"allow":["GET"]}}],"collection":[{"href":"https:\/\/madmarket.io\/fr\/wp-json\/wp\/v2\/pages"}],"about":[{"href":"https:\/\/madmarket.io\/fr\/wp-json\/wp\/v2\/types\/page"}],"author":[{"embeddable":true,"href":"https:\/\/madmarket.io\/fr\/wp-json\/wp\/v2\/users\/4"}],"replies":[{"embeddable":true,"href":"https:\/\/madmarket.io\/fr\/wp-json\/wp\/v2\/comments?post=4383"}],"version-history":[{"count":30,"href":"https:\/\/madmarket.io\/fr\/wp-json\/wp\/v2\/pages\/4383\/revisions"}],"predecessor-version":[{"id":9877,"href":"https:\/\/madmarket.io\/fr\/wp-json\/wp\/v2\/pages\/4383\/revisions\/9877"}],"wp:attachment":[{"href":"https:\/\/madmarket.io\/fr\/wp-json\/wp\/v2\/media?parent=4383"}],"curies":[{"name":"wp","href":"https:\/\/api.w.org\/{rel}","templated":true}]}}