{"id":3273,"date":"2025-04-03T09:21:10","date_gmt":"2025-04-03T09:21:10","guid":{"rendered":"https:\/\/madmarket.io\/?page_id=3273"},"modified":"2026-04-12T22:51:29","modified_gmt":"2026-04-12T22:51:29","slug":"les-paris-a-valeur-ajoutee","status":"publish","type":"page","link":"https:\/\/madmarket.io\/fr\/guide-de-pari-pour-madmarket\/les-paris-a-valeur-ajoutee\/","title":{"rendered":"Les paris \u00e0 valeur ajout\u00e9e"},"content":{"rendered":"","protected":false},"excerpt":{"rendered":"","protected":false},"author":6,"featured_media":0,"parent":176,"menu_order":0,"comment_status":"closed","ping_status":"closed","template":"","meta":{"_acf_changed":false},"class_list":["post-3273","page","type-page","status-publish","hentry"],"acf":[],"yoast_head":"<!-- This site is optimized with the Yoast SEO Premium plugin v27.4 (Yoast SEO v27.4) - https:\/\/yoast.com\/product\/yoast-seo-premium-wordpress\/ -->\n<title>Value Betting Explained: How to Find Value Bets<\/title>\n<meta name=\"description\" content=\"Learn what value betting is, how to calculate true odds, and how to identify value bets using implied probability and market pricing.\" \/>\n<meta name=\"robots\" content=\"index, follow, max-snippet:-1, max-image-preview:large, max-video-preview:-1\" \/>\n<link rel=\"canonical\" href=\"https:\/\/madmarket.io\/fr\/guide-de-pari-pour-madmarket\/les-paris-a-valeur-ajoutee\/\" \/>\n<meta property=\"og:locale\" content=\"fr_FR\" \/>\n<meta property=\"og:type\" content=\"article\" \/>\n<meta property=\"og:title\" content=\"Value Betting Guide to Outright Betting at MadMarket\" \/>\n<meta property=\"og:description\" content=\"Key information on outright betting, including which sports are best suited to outright betting.\" \/>\n<meta property=\"og:url\" content=\"https:\/\/madmarket.io\/fr\/guide-de-pari-pour-madmarket\/les-paris-a-valeur-ajoutee\/\" \/>\n<meta property=\"og:site_name\" content=\"Mad Market\" \/>\n<meta property=\"article:modified_time\" content=\"2026-04-12T22:51:29+00:00\" \/>\n<meta property=\"og:image\" content=\"https:\/\/madmarket.io\/wp-content\/uploads\/2024\/12\/BI091-Outright.webp\" \/>\n\t<meta property=\"og:image:width\" content=\"2048\" \/>\n\t<meta property=\"og:image:height\" content=\"1152\" \/>\n\t<meta property=\"og:image:type\" content=\"image\/webp\" \/>\n<meta name=\"twitter:card\" content=\"summary_large_image\" \/>\n<meta name=\"twitter:title\" content=\"Value Betting\" \/>\n<script type=\"application\/ld+json\" class=\"yoast-schema-graph\">{\"@context\":\"https:\\\/\\\/schema.org\",\"@graph\":[{\"@type\":\"WebPage\",\"@id\":\"https:\\\/\\\/madmarket.io\\\/betting-guide\\\/value-betting\\\/\",\"url\":\"https:\\\/\\\/madmarket.io\\\/betting-guide\\\/value-betting\\\/\",\"name\":\"Value Betting Explained: How to Find Value Bets\",\"isPartOf\":{\"@id\":\"https:\\\/\\\/madmarket.io\\\/#website\"},\"datePublished\":\"2025-04-03T09:21:10+00:00\",\"dateModified\":\"2026-04-12T22:51:29+00:00\",\"description\":\"Learn what value betting is, how to calculate true odds, and how to identify value bets using implied probability and market pricing.\",\"breadcrumb\":{\"@id\":\"https:\\\/\\\/madmarket.io\\\/betting-guide\\\/value-betting\\\/#breadcrumb\"},\"inLanguage\":\"fr-FR\",\"potentialAction\":[{\"@type\":\"ReadAction\",\"target\":[\"https:\\\/\\\/madmarket.io\\\/betting-guide\\\/value-betting\\\/\"]}]},{\"@type\":\"BreadcrumbList\",\"@id\":\"https:\\\/\\\/madmarket.io\\\/betting-guide\\\/value-betting\\\/#breadcrumb\",\"itemListElement\":[{\"@type\":\"ListItem\",\"position\":1,\"name\":\"Home\",\"item\":\"https:\\\/\\\/madmarket.io\\\/\"},{\"@type\":\"ListItem\",\"position\":2,\"name\":\"Betting Guide\",\"item\":\"https:\\\/\\\/madmarket.io\\\/betting-guide\\\/\"},{\"@type\":\"ListItem\",\"position\":3,\"name\":\"Value Betting\"}]},{\"@type\":\"WebSite\",\"@id\":\"https:\\\/\\\/madmarket.io\\\/#website\",\"url\":\"https:\\\/\\\/madmarket.io\\\/\",\"name\":\"Mad Market\",\"description\":\"\",\"publisher\":{\"@id\":\"https:\\\/\\\/madmarket.io\\\/#organization\"},\"potentialAction\":[{\"@type\":\"SearchAction\",\"target\":{\"@type\":\"EntryPoint\",\"urlTemplate\":\"https:\\\/\\\/madmarket.io\\\/?s={search_term_string}\"},\"query-input\":{\"@type\":\"PropertyValueSpecification\",\"valueRequired\":true,\"valueName\":\"search_term_string\"}}],\"inLanguage\":\"fr-FR\"},{\"@type\":\"Organization\",\"@id\":\"https:\\\/\\\/madmarket.io\\\/#organization\",\"name\":\"Mad Market\",\"url\":\"https:\\\/\\\/madmarket.io\\\/\",\"logo\":{\"@type\":\"ImageObject\",\"inLanguage\":\"fr-FR\",\"@id\":\"https:\\\/\\\/madmarket.io\\\/#\\\/schema\\\/logo\\\/image\\\/\",\"url\":\"https:\\\/\\\/madmarket.io\\\/wp-content\\\/uploads\\\/2024\\\/07\\\/icon-384x384-1.png\",\"contentUrl\":\"https:\\\/\\\/madmarket.io\\\/wp-content\\\/uploads\\\/2024\\\/07\\\/icon-384x384-1.png\",\"width\":384,\"height\":384,\"caption\":\"Mad Market\"},\"image\":{\"@id\":\"https:\\\/\\\/madmarket.io\\\/#\\\/schema\\\/logo\\\/image\\\/\"}}]}<\/script>\n<!-- \/ Yoast SEO Premium plugin. -->","yoast_head_json":{"title":"Explication des paris de valeur : Comment trouver les paris de valeur","description":"Apprenez ce qu'est le pari de valeur, comment calculer les cotes r\u00e9elles et comment identifier les paris de valeur \u00e0 l'aide de la probabilit\u00e9 implicite et de la tarification du march\u00e9.","robots":{"index":"index","follow":"follow","max-snippet":"max-snippet:-1","max-image-preview":"max-image-preview:large","max-video-preview":"max-video-preview:-1"},"canonical":"https:\/\/madmarket.io\/fr\/guide-de-pari-pour-madmarket\/les-paris-a-valeur-ajoutee\/","og_locale":"fr_FR","og_type":"article","og_title":"Value Betting Guide to Outright Betting at MadMarket","og_description":"Key information on outright betting, including which sports are best suited to outright betting.","og_url":"https:\/\/madmarket.io\/fr\/guide-de-pari-pour-madmarket\/les-paris-a-valeur-ajoutee\/","og_site_name":"Mad Market","article_modified_time":"2026-04-12T22:51:29+00:00","og_image":[{"width":2048,"height":1152,"url":"https:\/\/madmarket.io\/wp-content\/uploads\/2024\/12\/BI091-Outright.webp","type":"image\/webp"}],"twitter_card":"summary_large_image","twitter_title":"Value Betting","schema":{"@context":"https:\/\/schema.org","@graph":[{"@type":"WebPage","@id":"https:\/\/madmarket.io\/betting-guide\/value-betting\/","url":"https:\/\/madmarket.io\/betting-guide\/value-betting\/","name":"Explication des paris de valeur : Comment trouver les paris de valeur","isPartOf":{"@id":"https:\/\/madmarket.io\/#website"},"datePublished":"2025-04-03T09:21:10+00:00","dateModified":"2026-04-12T22:51:29+00:00","description":"Apprenez ce qu'est le pari de valeur, comment calculer les cotes r\u00e9elles et comment identifier les paris de valeur \u00e0 l'aide de la probabilit\u00e9 implicite et de la tarification du march\u00e9.","breadcrumb":{"@id":"https:\/\/madmarket.io\/betting-guide\/value-betting\/#breadcrumb"},"inLanguage":"fr-FR","potentialAction":[{"@type":"ReadAction","target":["https:\/\/madmarket.io\/betting-guide\/value-betting\/"]}]},{"@type":"BreadcrumbList","@id":"https:\/\/madmarket.io\/betting-guide\/value-betting\/#breadcrumb","itemListElement":[{"@type":"ListItem","position":1,"name":"Home","item":"https:\/\/madmarket.io\/"},{"@type":"ListItem","position":2,"name":"Betting Guide","item":"https:\/\/madmarket.io\/betting-guide\/"},{"@type":"ListItem","position":3,"name":"Value Betting"}]},{"@type":"WebSite","@id":"https:\/\/madmarket.io\/#website","url":"https:\/\/madmarket.io\/","name":"March\u00e9 fou","description":"","publisher":{"@id":"https:\/\/madmarket.io\/#organization"},"potentialAction":[{"@type":"SearchAction","target":{"@type":"EntryPoint","urlTemplate":"https:\/\/madmarket.io\/?s={search_term_string}"},"query-input":{"@type":"PropertyValueSpecification","valueRequired":true,"valueName":"search_term_string"}}],"inLanguage":"fr-FR"},{"@type":"Organization","@id":"https:\/\/madmarket.io\/#organization","name":"March\u00e9 fou","url":"https:\/\/madmarket.io\/","logo":{"@type":"ImageObject","inLanguage":"fr-FR","@id":"https:\/\/madmarket.io\/#\/schema\/logo\/image\/","url":"https:\/\/madmarket.io\/wp-content\/uploads\/2024\/07\/icon-384x384-1.png","contentUrl":"https:\/\/madmarket.io\/wp-content\/uploads\/2024\/07\/icon-384x384-1.png","width":384,"height":384,"caption":"Mad Market"},"image":{"@id":"https:\/\/madmarket.io\/#\/schema\/logo\/image\/"}}]}},"_links":{"self":[{"href":"https:\/\/madmarket.io\/fr\/wp-json\/wp\/v2\/pages\/3273","targetHints":{"allow":["GET"]}}],"collection":[{"href":"https:\/\/madmarket.io\/fr\/wp-json\/wp\/v2\/pages"}],"about":[{"href":"https:\/\/madmarket.io\/fr\/wp-json\/wp\/v2\/types\/page"}],"author":[{"embeddable":true,"href":"https:\/\/madmarket.io\/fr\/wp-json\/wp\/v2\/users\/6"}],"replies":[{"embeddable":true,"href":"https:\/\/madmarket.io\/fr\/wp-json\/wp\/v2\/comments?post=3273"}],"version-history":[{"count":18,"href":"https:\/\/madmarket.io\/fr\/wp-json\/wp\/v2\/pages\/3273\/revisions"}],"predecessor-version":[{"id":13155,"href":"https:\/\/madmarket.io\/fr\/wp-json\/wp\/v2\/pages\/3273\/revisions\/13155"}],"up":[{"embeddable":true,"href":"https:\/\/madmarket.io\/fr\/wp-json\/wp\/v2\/pages\/176"}],"wp:attachment":[{"href":"https:\/\/madmarket.io\/fr\/wp-json\/wp\/v2\/media?parent=3273"}],"curies":[{"name":"wp","href":"https:\/\/api.w.org\/{rel}","templated":true}]}}