{"id":2645,"date":"2025-02-26T12:15:46","date_gmt":"2025-02-26T12:15:46","guid":{"rendered":"https:\/\/madmarket.io\/?page_id=2645"},"modified":"2025-08-04T16:41:57","modified_gmt":"2025-08-04T16:41:57","slug":"pari-direct","status":"publish","type":"page","link":"https:\/\/madmarket.io\/fr\/guide-de-pari-pour-madmarket\/pari-direct\/","title":{"rendered":"Pari direct"},"content":{"rendered":"","protected":false},"excerpt":{"rendered":"","protected":false},"author":6,"featured_media":0,"parent":176,"menu_order":0,"comment_status":"closed","ping_status":"closed","template":"","meta":{"_acf_changed":false},"class_list":["post-2645","page","type-page","status-publish","hentry"],"acf":[],"yoast_head":"<!-- This site is optimized with the Yoast SEO Premium plugin v27.3 (Yoast SEO v27.3) - https:\/\/yoast.com\/product\/yoast-seo-premium-wordpress\/ -->\n<title>Your guide to outright betting and how to place outright bets<\/title>\n<meta name=\"description\" content=\"Key information on outright betting, including which sports are best suited to outright betting and the best place to find them at MadMarket.\" \/>\n<meta name=\"robots\" content=\"index, follow, max-snippet:-1, max-image-preview:large, max-video-preview:-1\" \/>\n<link rel=\"canonical\" href=\"https:\/\/madmarket.io\/fr\/guide-de-pari-pour-madmarket\/pari-direct\/\" \/>\n<meta property=\"og:locale\" content=\"fr_FR\" \/>\n<meta property=\"og:type\" content=\"article\" \/>\n<meta property=\"og:title\" content=\"Outright Betting Guide to Outright Betting at MadMarket\" \/>\n<meta property=\"og:description\" content=\"Key information on outright betting, including which sports are best suited to outright betting.\" \/>\n<meta property=\"og:url\" content=\"https:\/\/madmarket.io\/fr\/guide-de-pari-pour-madmarket\/pari-direct\/\" \/>\n<meta property=\"og:site_name\" content=\"Mad Market\" \/>\n<meta property=\"article:modified_time\" content=\"2025-08-04T16:41:57+00:00\" \/>\n<meta property=\"og:image\" content=\"https:\/\/madmarket.io\/wp-content\/uploads\/2024\/12\/BI091-Outright.webp\" \/>\n\t<meta property=\"og:image:width\" content=\"2048\" \/>\n\t<meta property=\"og:image:height\" content=\"1152\" \/>\n\t<meta property=\"og:image:type\" content=\"image\/webp\" \/>\n<meta name=\"twitter:card\" content=\"summary_large_image\" \/>\n<meta name=\"twitter:title\" content=\"Outright Betting\" \/>\n<script type=\"application\/ld+json\" class=\"yoast-schema-graph\">{\"@context\":\"https:\\\/\\\/schema.org\",\"@graph\":[{\"@type\":\"WebPage\",\"@id\":\"https:\\\/\\\/madmarket.io\\\/betting-guide\\\/outright-betting\\\/\",\"url\":\"https:\\\/\\\/madmarket.io\\\/betting-guide\\\/outright-betting\\\/\",\"name\":\"Your guide to outright betting and how to place outright bets\",\"isPartOf\":{\"@id\":\"https:\\\/\\\/madmarket.io\\\/#website\"},\"datePublished\":\"2025-02-26T12:15:46+00:00\",\"dateModified\":\"2025-08-04T16:41:57+00:00\",\"description\":\"Key information on outright betting, including which sports are best suited to outright betting and the best place to find them at MadMarket.\",\"breadcrumb\":{\"@id\":\"https:\\\/\\\/madmarket.io\\\/betting-guide\\\/outright-betting\\\/#breadcrumb\"},\"inLanguage\":\"fr-FR\",\"potentialAction\":[{\"@type\":\"ReadAction\",\"target\":[\"https:\\\/\\\/madmarket.io\\\/betting-guide\\\/outright-betting\\\/\"]}]},{\"@type\":\"BreadcrumbList\",\"@id\":\"https:\\\/\\\/madmarket.io\\\/betting-guide\\\/outright-betting\\\/#breadcrumb\",\"itemListElement\":[{\"@type\":\"ListItem\",\"position\":1,\"name\":\"Home\",\"item\":\"https:\\\/\\\/madmarket.io\\\/\"},{\"@type\":\"ListItem\",\"position\":2,\"name\":\"Betting Guide\",\"item\":\"https:\\\/\\\/madmarket.io\\\/betting-guide\\\/\"},{\"@type\":\"ListItem\",\"position\":3,\"name\":\"Outright Betting\"}]},{\"@type\":\"WebSite\",\"@id\":\"https:\\\/\\\/madmarket.io\\\/#website\",\"url\":\"https:\\\/\\\/madmarket.io\\\/\",\"name\":\"Mad Market\",\"description\":\"\",\"publisher\":{\"@id\":\"https:\\\/\\\/madmarket.io\\\/#organization\"},\"potentialAction\":[{\"@type\":\"SearchAction\",\"target\":{\"@type\":\"EntryPoint\",\"urlTemplate\":\"https:\\\/\\\/madmarket.io\\\/?s={search_term_string}\"},\"query-input\":{\"@type\":\"PropertyValueSpecification\",\"valueRequired\":true,\"valueName\":\"search_term_string\"}}],\"inLanguage\":\"fr-FR\"},{\"@type\":\"Organization\",\"@id\":\"https:\\\/\\\/madmarket.io\\\/#organization\",\"name\":\"Mad Market\",\"url\":\"https:\\\/\\\/madmarket.io\\\/\",\"logo\":{\"@type\":\"ImageObject\",\"inLanguage\":\"fr-FR\",\"@id\":\"https:\\\/\\\/madmarket.io\\\/#\\\/schema\\\/logo\\\/image\\\/\",\"url\":\"https:\\\/\\\/madmarket.io\\\/wp-content\\\/uploads\\\/2024\\\/07\\\/icon-384x384-1.png\",\"contentUrl\":\"https:\\\/\\\/madmarket.io\\\/wp-content\\\/uploads\\\/2024\\\/07\\\/icon-384x384-1.png\",\"width\":384,\"height\":384,\"caption\":\"Mad Market\"},\"image\":{\"@id\":\"https:\\\/\\\/madmarket.io\\\/#\\\/schema\\\/logo\\\/image\\\/\"}}]}<\/script>\n<!-- \/ Yoast SEO Premium plugin. -->","yoast_head_json":{"title":"Votre guide des paris imm\u00e9diats et de la mani\u00e8re de placer des paris imm\u00e9diats","description":"Informations cl\u00e9s sur les paris imm\u00e9diats, y compris les sports les mieux adapt\u00e9s aux paris imm\u00e9diats et le meilleur endroit pour les trouver sur MadMarket.","robots":{"index":"index","follow":"follow","max-snippet":"max-snippet:-1","max-image-preview":"max-image-preview:large","max-video-preview":"max-video-preview:-1"},"canonical":"https:\/\/madmarket.io\/fr\/guide-de-pari-pour-madmarket\/pari-direct\/","og_locale":"fr_FR","og_type":"article","og_title":"Outright Betting Guide to Outright Betting at MadMarket","og_description":"Key information on outright betting, including which sports are best suited to outright betting.","og_url":"https:\/\/madmarket.io\/fr\/guide-de-pari-pour-madmarket\/pari-direct\/","og_site_name":"Mad Market","article_modified_time":"2025-08-04T16:41:57+00:00","og_image":[{"width":2048,"height":1152,"url":"https:\/\/madmarket.io\/wp-content\/uploads\/2024\/12\/BI091-Outright.webp","type":"image\/webp"}],"twitter_card":"summary_large_image","twitter_title":"Outright Betting","schema":{"@context":"https:\/\/schema.org","@graph":[{"@type":"WebPage","@id":"https:\/\/madmarket.io\/betting-guide\/outright-betting\/","url":"https:\/\/madmarket.io\/betting-guide\/outright-betting\/","name":"Votre guide des paris imm\u00e9diats et de la mani\u00e8re de placer des paris imm\u00e9diats","isPartOf":{"@id":"https:\/\/madmarket.io\/#website"},"datePublished":"2025-02-26T12:15:46+00:00","dateModified":"2025-08-04T16:41:57+00:00","description":"Informations cl\u00e9s sur les paris imm\u00e9diats, y compris les sports les mieux adapt\u00e9s aux paris imm\u00e9diats et le meilleur endroit pour les trouver sur MadMarket.","breadcrumb":{"@id":"https:\/\/madmarket.io\/betting-guide\/outright-betting\/#breadcrumb"},"inLanguage":"fr-FR","potentialAction":[{"@type":"ReadAction","target":["https:\/\/madmarket.io\/betting-guide\/outright-betting\/"]}]},{"@type":"BreadcrumbList","@id":"https:\/\/madmarket.io\/betting-guide\/outright-betting\/#breadcrumb","itemListElement":[{"@type":"ListItem","position":1,"name":"Home","item":"https:\/\/madmarket.io\/"},{"@type":"ListItem","position":2,"name":"Betting Guide","item":"https:\/\/madmarket.io\/betting-guide\/"},{"@type":"ListItem","position":3,"name":"Outright Betting"}]},{"@type":"WebSite","@id":"https:\/\/madmarket.io\/#website","url":"https:\/\/madmarket.io\/","name":"March\u00e9 fou","description":"","publisher":{"@id":"https:\/\/madmarket.io\/#organization"},"potentialAction":[{"@type":"SearchAction","target":{"@type":"EntryPoint","urlTemplate":"https:\/\/madmarket.io\/?s={search_term_string}"},"query-input":{"@type":"PropertyValueSpecification","valueRequired":true,"valueName":"search_term_string"}}],"inLanguage":"fr-FR"},{"@type":"Organization","@id":"https:\/\/madmarket.io\/#organization","name":"March\u00e9 fou","url":"https:\/\/madmarket.io\/","logo":{"@type":"ImageObject","inLanguage":"fr-FR","@id":"https:\/\/madmarket.io\/#\/schema\/logo\/image\/","url":"https:\/\/madmarket.io\/wp-content\/uploads\/2024\/07\/icon-384x384-1.png","contentUrl":"https:\/\/madmarket.io\/wp-content\/uploads\/2024\/07\/icon-384x384-1.png","width":384,"height":384,"caption":"Mad Market"},"image":{"@id":"https:\/\/madmarket.io\/#\/schema\/logo\/image\/"}}]}},"_links":{"self":[{"href":"https:\/\/madmarket.io\/fr\/wp-json\/wp\/v2\/pages\/2645","targetHints":{"allow":["GET"]}}],"collection":[{"href":"https:\/\/madmarket.io\/fr\/wp-json\/wp\/v2\/pages"}],"about":[{"href":"https:\/\/madmarket.io\/fr\/wp-json\/wp\/v2\/types\/page"}],"author":[{"embeddable":true,"href":"https:\/\/madmarket.io\/fr\/wp-json\/wp\/v2\/users\/6"}],"replies":[{"embeddable":true,"href":"https:\/\/madmarket.io\/fr\/wp-json\/wp\/v2\/comments?post=2645"}],"version-history":[{"count":16,"href":"https:\/\/madmarket.io\/fr\/wp-json\/wp\/v2\/pages\/2645\/revisions"}],"predecessor-version":[{"id":8897,"href":"https:\/\/madmarket.io\/fr\/wp-json\/wp\/v2\/pages\/2645\/revisions\/8897"}],"up":[{"embeddable":true,"href":"https:\/\/madmarket.io\/fr\/wp-json\/wp\/v2\/pages\/176"}],"wp:attachment":[{"href":"https:\/\/madmarket.io\/fr\/wp-json\/wp\/v2\/media?parent=2645"}],"curies":[{"name":"wp","href":"https:\/\/api.w.org\/{rel}","templated":true}]}}