{"id":2425,"date":"2025-03-10T11:44:33","date_gmt":"2025-03-10T11:44:33","guid":{"rendered":"https:\/\/madmarket.io\/?page_id=2425"},"modified":"2025-09-05T12:04:37","modified_gmt":"2025-09-05T12:04:37","slug":"paris-sur-le-tennis","status":"publish","type":"page","link":"https:\/\/madmarket.io\/fr\/paris-sur-le-tennis\/","title":{"rendered":"Paris sur le tennis"},"content":{"rendered":"","protected":false},"excerpt":{"rendered":"","protected":false},"author":6,"featured_media":0,"parent":0,"menu_order":0,"comment_status":"closed","ping_status":"closed","template":"","meta":{"_acf_changed":false},"class_list":["post-2425","page","type-page","status-publish","hentry"],"acf":[],"yoast_head":"<!-- This site is optimized with the Yoast SEO Premium plugin v27.3 (Yoast SEO v27.3) - https:\/\/yoast.com\/product\/yoast-seo-premium-wordpress\/ -->\n<title>Tennis Betting Guide featuring information on Madmarket.io<\/title>\n<meta name=\"description\" content=\"Get ahead of the curve with your tennis betting strategies with all you need to know on tennis betting markets, competitions, and tips.\" \/>\n<meta name=\"robots\" content=\"index, follow, max-snippet:-1, max-image-preview:large, max-video-preview:-1\" \/>\n<link rel=\"canonical\" href=\"https:\/\/madmarket.io\/fr\/paris-sur-le-tennis\/\" \/>\n<meta property=\"og:locale\" content=\"fr_FR\" \/>\n<meta property=\"og:type\" content=\"article\" \/>\n<meta property=\"og:title\" content=\"The Ultimate Guide to Tennis Betting on MadMarket\" \/>\n<meta property=\"og:description\" content=\"Get ahead of the curve with your tennis betting strategies with all you need to know on tennis betting markets, competitions, and tips.\" \/>\n<meta property=\"og:url\" content=\"https:\/\/madmarket.io\/fr\/paris-sur-le-tennis\/\" \/>\n<meta property=\"og:site_name\" content=\"Mad Market\" \/>\n<meta property=\"article:modified_time\" content=\"2025-09-05T12:04:37+00:00\" \/>\n<meta property=\"og:image\" content=\"https:\/\/madmarket.io\/wp-content\/uploads\/2024\/11\/Tennis_Header_Image_01.webp\" \/>\n\t<meta property=\"og:image:width\" content=\"2048\" \/>\n\t<meta property=\"og:image:height\" content=\"1152\" \/>\n\t<meta property=\"og:image:type\" content=\"image\/webp\" \/>\n<meta name=\"twitter:card\" content=\"summary_large_image\" \/>\n<meta name=\"twitter:title\" content=\"The Ultimate Guide to Tennis Betting on MadMarket\" \/>\n<meta name=\"twitter:description\" content=\"Get ahead of the curve with your tennis betting strategies with all you need to know on tennis betting markets, competitions, and tips.\" \/>\n<script type=\"application\/ld+json\" class=\"yoast-schema-graph\">{\"@context\":\"https:\\\/\\\/schema.org\",\"@graph\":[{\"@type\":\"WebPage\",\"@id\":\"https:\\\/\\\/madmarket.io\\\/tennis-betting\\\/\",\"url\":\"https:\\\/\\\/madmarket.io\\\/tennis-betting\\\/\",\"name\":\"Tennis Betting Guide featuring information on Madmarket.io\",\"isPartOf\":{\"@id\":\"https:\\\/\\\/madmarket.io\\\/#website\"},\"datePublished\":\"2025-03-10T11:44:33+00:00\",\"dateModified\":\"2025-09-05T12:04:37+00:00\",\"description\":\"Get ahead of the curve with your tennis betting strategies with all you need to know on tennis betting markets, competitions, and tips.\",\"breadcrumb\":{\"@id\":\"https:\\\/\\\/madmarket.io\\\/tennis-betting\\\/#breadcrumb\"},\"inLanguage\":\"fr-FR\",\"potentialAction\":[{\"@type\":\"ReadAction\",\"target\":[\"https:\\\/\\\/madmarket.io\\\/tennis-betting\\\/\"]}]},{\"@type\":\"BreadcrumbList\",\"@id\":\"https:\\\/\\\/madmarket.io\\\/tennis-betting\\\/#breadcrumb\",\"itemListElement\":[{\"@type\":\"ListItem\",\"position\":1,\"name\":\"Home\",\"item\":\"https:\\\/\\\/madmarket.io\\\/\"},{\"@type\":\"ListItem\",\"position\":2,\"name\":\"Tennis Betting\"}]},{\"@type\":\"WebSite\",\"@id\":\"https:\\\/\\\/madmarket.io\\\/#website\",\"url\":\"https:\\\/\\\/madmarket.io\\\/\",\"name\":\"Mad Market\",\"description\":\"\",\"publisher\":{\"@id\":\"https:\\\/\\\/madmarket.io\\\/#organization\"},\"potentialAction\":[{\"@type\":\"SearchAction\",\"target\":{\"@type\":\"EntryPoint\",\"urlTemplate\":\"https:\\\/\\\/madmarket.io\\\/?s={search_term_string}\"},\"query-input\":{\"@type\":\"PropertyValueSpecification\",\"valueRequired\":true,\"valueName\":\"search_term_string\"}}],\"inLanguage\":\"fr-FR\"},{\"@type\":\"Organization\",\"@id\":\"https:\\\/\\\/madmarket.io\\\/#organization\",\"name\":\"Mad Market\",\"url\":\"https:\\\/\\\/madmarket.io\\\/\",\"logo\":{\"@type\":\"ImageObject\",\"inLanguage\":\"fr-FR\",\"@id\":\"https:\\\/\\\/madmarket.io\\\/#\\\/schema\\\/logo\\\/image\\\/\",\"url\":\"https:\\\/\\\/madmarket.io\\\/wp-content\\\/uploads\\\/2024\\\/07\\\/icon-384x384-1.png\",\"contentUrl\":\"https:\\\/\\\/madmarket.io\\\/wp-content\\\/uploads\\\/2024\\\/07\\\/icon-384x384-1.png\",\"width\":384,\"height\":384,\"caption\":\"Mad Market\"},\"image\":{\"@id\":\"https:\\\/\\\/madmarket.io\\\/#\\\/schema\\\/logo\\\/image\\\/\"}}]}<\/script>\n<!-- \/ Yoast SEO Premium plugin. -->","yoast_head_json":{"title":"Guide des paris sur le tennis comprenant des informations sur Madmarket.io","description":"Prenez de l'avance dans vos strat\u00e9gies de paris sur le tennis gr\u00e2ce \u00e0 tout ce que vous devez savoir sur les march\u00e9s, les comp\u00e9titions et les conseils en mati\u00e8re de paris sur le tennis.","robots":{"index":"index","follow":"follow","max-snippet":"max-snippet:-1","max-image-preview":"max-image-preview:large","max-video-preview":"max-video-preview:-1"},"canonical":"https:\/\/madmarket.io\/fr\/paris-sur-le-tennis\/","og_locale":"fr_FR","og_type":"article","og_title":"The Ultimate Guide to Tennis Betting on MadMarket","og_description":"Get ahead of the curve with your tennis betting strategies with all you need to know on tennis betting markets, competitions, and tips.","og_url":"https:\/\/madmarket.io\/fr\/paris-sur-le-tennis\/","og_site_name":"Mad Market","article_modified_time":"2025-09-05T12:04:37+00:00","og_image":[{"width":2048,"height":1152,"url":"https:\/\/madmarket.io\/wp-content\/uploads\/2024\/11\/Tennis_Header_Image_01.webp","type":"image\/webp"}],"twitter_card":"summary_large_image","twitter_title":"The Ultimate Guide to Tennis Betting on MadMarket","twitter_description":"Get ahead of the curve with your tennis betting strategies with all you need to know on tennis betting markets, competitions, and tips.","schema":{"@context":"https:\/\/schema.org","@graph":[{"@type":"WebPage","@id":"https:\/\/madmarket.io\/tennis-betting\/","url":"https:\/\/madmarket.io\/tennis-betting\/","name":"Guide des paris sur le tennis comprenant des informations sur Madmarket.io","isPartOf":{"@id":"https:\/\/madmarket.io\/#website"},"datePublished":"2025-03-10T11:44:33+00:00","dateModified":"2025-09-05T12:04:37+00:00","description":"Prenez de l'avance dans vos strat\u00e9gies de paris sur le tennis gr\u00e2ce \u00e0 tout ce que vous devez savoir sur les march\u00e9s, les comp\u00e9titions et les conseils en mati\u00e8re de paris sur le tennis.","breadcrumb":{"@id":"https:\/\/madmarket.io\/tennis-betting\/#breadcrumb"},"inLanguage":"fr-FR","potentialAction":[{"@type":"ReadAction","target":["https:\/\/madmarket.io\/tennis-betting\/"]}]},{"@type":"BreadcrumbList","@id":"https:\/\/madmarket.io\/tennis-betting\/#breadcrumb","itemListElement":[{"@type":"ListItem","position":1,"name":"Home","item":"https:\/\/madmarket.io\/"},{"@type":"ListItem","position":2,"name":"Tennis Betting"}]},{"@type":"WebSite","@id":"https:\/\/madmarket.io\/#website","url":"https:\/\/madmarket.io\/","name":"March\u00e9 fou","description":"","publisher":{"@id":"https:\/\/madmarket.io\/#organization"},"potentialAction":[{"@type":"SearchAction","target":{"@type":"EntryPoint","urlTemplate":"https:\/\/madmarket.io\/?s={search_term_string}"},"query-input":{"@type":"PropertyValueSpecification","valueRequired":true,"valueName":"search_term_string"}}],"inLanguage":"fr-FR"},{"@type":"Organization","@id":"https:\/\/madmarket.io\/#organization","name":"March\u00e9 fou","url":"https:\/\/madmarket.io\/","logo":{"@type":"ImageObject","inLanguage":"fr-FR","@id":"https:\/\/madmarket.io\/#\/schema\/logo\/image\/","url":"https:\/\/madmarket.io\/wp-content\/uploads\/2024\/07\/icon-384x384-1.png","contentUrl":"https:\/\/madmarket.io\/wp-content\/uploads\/2024\/07\/icon-384x384-1.png","width":384,"height":384,"caption":"Mad Market"},"image":{"@id":"https:\/\/madmarket.io\/#\/schema\/logo\/image\/"}}]}},"_links":{"self":[{"href":"https:\/\/madmarket.io\/fr\/wp-json\/wp\/v2\/pages\/2425","targetHints":{"allow":["GET"]}}],"collection":[{"href":"https:\/\/madmarket.io\/fr\/wp-json\/wp\/v2\/pages"}],"about":[{"href":"https:\/\/madmarket.io\/fr\/wp-json\/wp\/v2\/types\/page"}],"author":[{"embeddable":true,"href":"https:\/\/madmarket.io\/fr\/wp-json\/wp\/v2\/users\/6"}],"replies":[{"embeddable":true,"href":"https:\/\/madmarket.io\/fr\/wp-json\/wp\/v2\/comments?post=2425"}],"version-history":[{"count":17,"href":"https:\/\/madmarket.io\/fr\/wp-json\/wp\/v2\/pages\/2425\/revisions"}],"predecessor-version":[{"id":11059,"href":"https:\/\/madmarket.io\/fr\/wp-json\/wp\/v2\/pages\/2425\/revisions\/11059"}],"wp:attachment":[{"href":"https:\/\/madmarket.io\/fr\/wp-json\/wp\/v2\/media?parent=2425"}],"curies":[{"name":"wp","href":"https:\/\/api.w.org\/{rel}","templated":true}]}}