{"id":2129,"date":"2024-11-01T12:27:14","date_gmt":"2024-11-01T12:27:14","guid":{"rendered":"https:\/\/madmarket.io\/?page_id=2129"},"modified":"2025-08-06T09:50:57","modified_gmt":"2025-08-06T09:50:57","slug":"pari-sur-le-football","status":"publish","type":"page","link":"https:\/\/madmarket.io\/fr\/guide-de-pari-pour-madmarket\/pari-sur-le-football\/","title":{"rendered":"Pari sur le football"},"content":{"rendered":"","protected":false},"excerpt":{"rendered":"","protected":false},"author":6,"featured_media":0,"parent":176,"menu_order":0,"comment_status":"closed","ping_status":"closed","template":"","meta":{"_acf_changed":false},"class_list":["post-2129","page","type-page","status-publish","hentry"],"acf":[],"yoast_head":"<!-- This site is optimized with the Yoast SEO Premium plugin v27.3 (Yoast SEO v27.3) - https:\/\/yoast.com\/product\/yoast-seo-premium-wordpress\/ -->\n<title>All you need to know about how football betting works<\/title>\n<meta name=\"description\" content=\"How football betting works. Key information you need for each-way betting, spread betting, and handicap betting in football.\" \/>\n<meta name=\"robots\" content=\"index, follow, max-snippet:-1, max-image-preview:large, max-video-preview:-1\" \/>\n<link rel=\"canonical\" href=\"https:\/\/madmarket.io\/fr\/guide-de-pari-pour-madmarket\/pari-sur-le-football\/\" \/>\n<meta property=\"og:locale\" content=\"fr_FR\" \/>\n<meta property=\"og:type\" content=\"article\" \/>\n<meta property=\"og:title\" content=\"Football Betting\" \/>\n<meta property=\"og:description\" content=\"How football betting works. Key information you need for each-way betting, spread betting, and handicap betting in football.\" \/>\n<meta property=\"og:url\" content=\"https:\/\/madmarket.io\/fr\/guide-de-pari-pour-madmarket\/pari-sur-le-football\/\" \/>\n<meta property=\"og:site_name\" content=\"Mad Market\" \/>\n<meta property=\"article:modified_time\" content=\"2025-08-06T09:50:57+00:00\" \/>\n<meta name=\"twitter:card\" content=\"summary_large_image\" \/>\n<script type=\"application\/ld+json\" class=\"yoast-schema-graph\">{\"@context\":\"https:\\\/\\\/schema.org\",\"@graph\":[{\"@type\":\"WebPage\",\"@id\":\"https:\\\/\\\/madmarket.io\\\/betting-guide\\\/football-betting-madmarket\\\/\",\"url\":\"https:\\\/\\\/madmarket.io\\\/betting-guide\\\/football-betting-madmarket\\\/\",\"name\":\"All you need to know about how football betting works\",\"isPartOf\":{\"@id\":\"https:\\\/\\\/madmarket.io\\\/#website\"},\"datePublished\":\"2024-11-01T12:27:14+00:00\",\"dateModified\":\"2025-08-06T09:50:57+00:00\",\"description\":\"How football betting works. Key information you need for each-way betting, spread betting, and handicap betting in football.\",\"breadcrumb\":{\"@id\":\"https:\\\/\\\/madmarket.io\\\/betting-guide\\\/football-betting-madmarket\\\/#breadcrumb\"},\"inLanguage\":\"fr-FR\",\"potentialAction\":[{\"@type\":\"ReadAction\",\"target\":[\"https:\\\/\\\/madmarket.io\\\/betting-guide\\\/football-betting-madmarket\\\/\"]}]},{\"@type\":\"BreadcrumbList\",\"@id\":\"https:\\\/\\\/madmarket.io\\\/betting-guide\\\/football-betting-madmarket\\\/#breadcrumb\",\"itemListElement\":[{\"@type\":\"ListItem\",\"position\":1,\"name\":\"Home\",\"item\":\"https:\\\/\\\/madmarket.io\\\/\"},{\"@type\":\"ListItem\",\"position\":2,\"name\":\"Betting Guide\",\"item\":\"https:\\\/\\\/madmarket.io\\\/betting-guide\\\/\"},{\"@type\":\"ListItem\",\"position\":3,\"name\":\"Football Betting\"}]},{\"@type\":\"WebSite\",\"@id\":\"https:\\\/\\\/madmarket.io\\\/#website\",\"url\":\"https:\\\/\\\/madmarket.io\\\/\",\"name\":\"Mad Market\",\"description\":\"\",\"publisher\":{\"@id\":\"https:\\\/\\\/madmarket.io\\\/#organization\"},\"potentialAction\":[{\"@type\":\"SearchAction\",\"target\":{\"@type\":\"EntryPoint\",\"urlTemplate\":\"https:\\\/\\\/madmarket.io\\\/?s={search_term_string}\"},\"query-input\":{\"@type\":\"PropertyValueSpecification\",\"valueRequired\":true,\"valueName\":\"search_term_string\"}}],\"inLanguage\":\"fr-FR\"},{\"@type\":\"Organization\",\"@id\":\"https:\\\/\\\/madmarket.io\\\/#organization\",\"name\":\"Mad Market\",\"url\":\"https:\\\/\\\/madmarket.io\\\/\",\"logo\":{\"@type\":\"ImageObject\",\"inLanguage\":\"fr-FR\",\"@id\":\"https:\\\/\\\/madmarket.io\\\/#\\\/schema\\\/logo\\\/image\\\/\",\"url\":\"https:\\\/\\\/madmarket.io\\\/wp-content\\\/uploads\\\/2024\\\/07\\\/icon-384x384-1.png\",\"contentUrl\":\"https:\\\/\\\/madmarket.io\\\/wp-content\\\/uploads\\\/2024\\\/07\\\/icon-384x384-1.png\",\"width\":384,\"height\":384,\"caption\":\"Mad Market\"},\"image\":{\"@id\":\"https:\\\/\\\/madmarket.io\\\/#\\\/schema\\\/logo\\\/image\\\/\"}}]}<\/script>\n<!-- \/ Yoast SEO Premium plugin. -->","yoast_head_json":{"title":"Tout ce qu'il faut savoir sur le fonctionnement des paris sur le football","description":"Comment fonctionnent les paris sur le football. Les informations cl\u00e9s dont vous avez besoin pour les paris \u00e0 la carte, les paris \u00e0 l'\u00e9cart et les paris \u00e0 handicap dans le domaine du football.","robots":{"index":"index","follow":"follow","max-snippet":"max-snippet:-1","max-image-preview":"max-image-preview:large","max-video-preview":"max-video-preview:-1"},"canonical":"https:\/\/madmarket.io\/fr\/guide-de-pari-pour-madmarket\/pari-sur-le-football\/","og_locale":"fr_FR","og_type":"article","og_title":"Football Betting","og_description":"How football betting works. Key information you need for each-way betting, spread betting, and handicap betting in football.","og_url":"https:\/\/madmarket.io\/fr\/guide-de-pari-pour-madmarket\/pari-sur-le-football\/","og_site_name":"Mad Market","article_modified_time":"2025-08-06T09:50:57+00:00","twitter_card":"summary_large_image","schema":{"@context":"https:\/\/schema.org","@graph":[{"@type":"WebPage","@id":"https:\/\/madmarket.io\/betting-guide\/football-betting-madmarket\/","url":"https:\/\/madmarket.io\/betting-guide\/football-betting-madmarket\/","name":"Tout ce qu'il faut savoir sur le fonctionnement des paris sur le football","isPartOf":{"@id":"https:\/\/madmarket.io\/#website"},"datePublished":"2024-11-01T12:27:14+00:00","dateModified":"2025-08-06T09:50:57+00:00","description":"Comment fonctionnent les paris sur le football. Les informations cl\u00e9s dont vous avez besoin pour les paris \u00e0 la carte, les paris \u00e0 l'\u00e9cart et les paris \u00e0 handicap dans le domaine du football.","breadcrumb":{"@id":"https:\/\/madmarket.io\/betting-guide\/football-betting-madmarket\/#breadcrumb"},"inLanguage":"fr-FR","potentialAction":[{"@type":"ReadAction","target":["https:\/\/madmarket.io\/betting-guide\/football-betting-madmarket\/"]}]},{"@type":"BreadcrumbList","@id":"https:\/\/madmarket.io\/betting-guide\/football-betting-madmarket\/#breadcrumb","itemListElement":[{"@type":"ListItem","position":1,"name":"Home","item":"https:\/\/madmarket.io\/"},{"@type":"ListItem","position":2,"name":"Betting Guide","item":"https:\/\/madmarket.io\/betting-guide\/"},{"@type":"ListItem","position":3,"name":"Football Betting"}]},{"@type":"WebSite","@id":"https:\/\/madmarket.io\/#website","url":"https:\/\/madmarket.io\/","name":"March\u00e9 fou","description":"","publisher":{"@id":"https:\/\/madmarket.io\/#organization"},"potentialAction":[{"@type":"SearchAction","target":{"@type":"EntryPoint","urlTemplate":"https:\/\/madmarket.io\/?s={search_term_string}"},"query-input":{"@type":"PropertyValueSpecification","valueRequired":true,"valueName":"search_term_string"}}],"inLanguage":"fr-FR"},{"@type":"Organization","@id":"https:\/\/madmarket.io\/#organization","name":"March\u00e9 fou","url":"https:\/\/madmarket.io\/","logo":{"@type":"ImageObject","inLanguage":"fr-FR","@id":"https:\/\/madmarket.io\/#\/schema\/logo\/image\/","url":"https:\/\/madmarket.io\/wp-content\/uploads\/2024\/07\/icon-384x384-1.png","contentUrl":"https:\/\/madmarket.io\/wp-content\/uploads\/2024\/07\/icon-384x384-1.png","width":384,"height":384,"caption":"Mad Market"},"image":{"@id":"https:\/\/madmarket.io\/#\/schema\/logo\/image\/"}}]}},"_links":{"self":[{"href":"https:\/\/madmarket.io\/fr\/wp-json\/wp\/v2\/pages\/2129","targetHints":{"allow":["GET"]}}],"collection":[{"href":"https:\/\/madmarket.io\/fr\/wp-json\/wp\/v2\/pages"}],"about":[{"href":"https:\/\/madmarket.io\/fr\/wp-json\/wp\/v2\/types\/page"}],"author":[{"embeddable":true,"href":"https:\/\/madmarket.io\/fr\/wp-json\/wp\/v2\/users\/6"}],"replies":[{"embeddable":true,"href":"https:\/\/madmarket.io\/fr\/wp-json\/wp\/v2\/comments?post=2129"}],"version-history":[{"count":49,"href":"https:\/\/madmarket.io\/fr\/wp-json\/wp\/v2\/pages\/2129\/revisions"}],"predecessor-version":[{"id":9480,"href":"https:\/\/madmarket.io\/fr\/wp-json\/wp\/v2\/pages\/2129\/revisions\/9480"}],"up":[{"embeddable":true,"href":"https:\/\/madmarket.io\/fr\/wp-json\/wp\/v2\/pages\/176"}],"wp:attachment":[{"href":"https:\/\/madmarket.io\/fr\/wp-json\/wp\/v2\/media?parent=2129"}],"curies":[{"name":"wp","href":"https:\/\/api.w.org\/{rel}","templated":true}]}}