{"id":2,"date":"2024-07-23T10:07:53","date_gmt":"2024-07-23T10:07:53","guid":{"rendered":"https:\/\/madmarket.io\/?page_id=2"},"modified":"2026-04-02T13:59:10","modified_gmt":"2026-04-02T13:59:10","slug":"sample-page","status":"publish","type":"page","link":"https:\/\/madmarket.io\/fr\/","title":{"rendered":"Page d'accueil"},"content":{"rendered":"<p>Il s'agit d'une page d'exemple. Elle diff\u00e8re d'un article de blog car elle reste \u00e0 un seul endroit et appara\u00eet dans la navigation de votre site (dans la plupart des th\u00e8mes). La plupart des gens commencent par une page \"\u00c0 propos\" qui les pr\u00e9sente aux visiteurs potentiels du site. Cette page pourrait ressembler \u00e0 ceci :<\/p>\n\n\n\n<blockquote class=\"wp-block-quote is-layout-flow wp-block-quote-is-layout-flow\"><p>Bonjour \u00e0 tous ! Je suis coursier \u00e0 v\u00e9lo le jour, acteur en herbe la nuit, et ceci est mon site web. Je vis \u00e0 Los Angeles, j'ai un super chien qui s'appelle Jack et j'aime les pi\u00f1a coladas. (Et me faire surprendre par la pluie.)<\/p><\/blockquote>\n\n\n\n<p>...ou quelque chose comme \u00e7a :<\/p>\n\n\n\n<blockquote class=\"wp-block-quote is-layout-flow wp-block-quote-is-layout-flow\"><p>La soci\u00e9t\u00e9 XYZ Doohickey Company a \u00e9t\u00e9 fond\u00e9e en 1971 et fournit depuis lors des doohickeys de qualit\u00e9 au public. Situ\u00e9e \u00e0 Gotham City, XYZ emploie plus de 2 000 personnes et fait toutes sortes de choses g\u00e9niales pour la communaut\u00e9 de Gotham.<\/p><\/blockquote>\n\n\n\n<p>En tant que nouvel utilisateur de WordPress, vous devez vous rendre \u00e0 l'adresse suivante <a href=\"https:\/\/madmarket.io\/wp-admin\/\">votre tableau de bord<\/a> pour supprimer cette page et cr\u00e9er de nouvelles pages pour votre contenu. Amusez-vous bien !<\/p>","protected":false},"excerpt":{"rendered":"<p>Il s'agit d'une page d'exemple. Elle est diff\u00e9rente d'un article de blog car elle restera \u00e0 un seul endroit et sera [...]<\/p>","protected":false},"author":4,"featured_media":8992,"parent":0,"menu_order":0,"comment_status":"closed","ping_status":"open","template":"","meta":{"_acf_changed":false},"class_list":["post-2","page","type-page","status-publish","has-post-thumbnail","hentry"],"acf":[],"yoast_head":"<!-- This site is optimized with the Yoast SEO Premium plugin v27.3 (Yoast SEO v27.3) - https:\/\/yoast.com\/product\/yoast-seo-premium-wordpress\/ -->\n<title>Madmarket.io | The High Stakes Sports Betting Bookie<\/title>\n<meta name=\"description\" content=\"Take your betting experience to new heights with the highest odds and liquidity. Go mad (not crazy) at MadMarket and outbet the ordinary.\" \/>\n<meta name=\"robots\" content=\"index, follow, max-snippet:-1, max-image-preview:large, max-video-preview:-1\" \/>\n<link rel=\"canonical\" href=\"https:\/\/madmarket.io\/fr\/\" \/>\n<meta property=\"og:locale\" content=\"fr_FR\" \/>\n<meta property=\"og:type\" content=\"article\" \/>\n<meta property=\"og:title\" content=\"Homepage\" \/>\n<meta property=\"og:description\" content=\"Take your betting experience to new heights with the highest odds and liquidity. Go mad (not crazy) at MadMarket and outbet the ordinary.\" \/>\n<meta property=\"og:url\" content=\"https:\/\/madmarket.io\/fr\/\" \/>\n<meta property=\"og:site_name\" content=\"Mad Market\" \/>\n<meta property=\"article:modified_time\" content=\"2026-04-02T13:59:10+00:00\" \/>\n<meta property=\"og:image\" content=\"https:\/\/madmarket.io\/wp-content\/uploads\/2025\/08\/HERO-background-1-scaled.webp\" \/>\n\t<meta property=\"og:image:width\" content=\"2560\" \/>\n\t<meta property=\"og:image:height\" content=\"1390\" \/>\n\t<meta property=\"og:image:type\" content=\"image\/webp\" \/>\n<meta name=\"twitter:card\" content=\"summary_large_image\" \/>\n<meta name=\"twitter:label1\" content=\"Dur\u00e9e de lecture estim\u00e9e\" \/>\n\t<meta name=\"twitter:data1\" content=\"1 minute\" \/>\n<script type=\"application\/ld+json\" class=\"yoast-schema-graph\">{\"@context\":\"https:\\\/\\\/schema.org\",\"@graph\":[{\"@type\":\"WebPage\",\"@id\":\"https:\\\/\\\/madmarket.io\\\/\",\"url\":\"https:\\\/\\\/madmarket.io\\\/\",\"name\":\"Madmarket.io | The High Stakes Sports Betting Bookie\",\"isPartOf\":{\"@id\":\"https:\\\/\\\/madmarket.io\\\/#website\"},\"primaryImageOfPage\":{\"@id\":\"https:\\\/\\\/madmarket.io\\\/#primaryimage\"},\"image\":{\"@id\":\"https:\\\/\\\/madmarket.io\\\/#primaryimage\"},\"thumbnailUrl\":\"https:\\\/\\\/madmarket.io\\\/wp-content\\\/uploads\\\/2025\\\/08\\\/HERO-background-1-scaled.webp\",\"datePublished\":\"2024-07-23T10:07:53+00:00\",\"dateModified\":\"2026-04-02T13:59:10+00:00\",\"description\":\"Take your betting experience to new heights with the highest odds and liquidity. Go mad (not crazy) at MadMarket and outbet the ordinary.\",\"breadcrumb\":{\"@id\":\"https:\\\/\\\/madmarket.io\\\/#breadcrumb\"},\"inLanguage\":\"fr-FR\",\"potentialAction\":[{\"@type\":\"ReadAction\",\"target\":[\"https:\\\/\\\/madmarket.io\\\/\"]}]},{\"@type\":\"ImageObject\",\"inLanguage\":\"fr-FR\",\"@id\":\"https:\\\/\\\/madmarket.io\\\/#primaryimage\",\"url\":\"https:\\\/\\\/madmarket.io\\\/wp-content\\\/uploads\\\/2025\\\/08\\\/HERO-background-1-scaled.webp\",\"contentUrl\":\"https:\\\/\\\/madmarket.io\\\/wp-content\\\/uploads\\\/2025\\\/08\\\/HERO-background-1-scaled.webp\",\"width\":2560,\"height\":1390},{\"@type\":\"BreadcrumbList\",\"@id\":\"https:\\\/\\\/madmarket.io\\\/#breadcrumb\",\"itemListElement\":[{\"@type\":\"ListItem\",\"position\":1,\"name\":\"Home\",\"item\":\"https:\\\/\\\/madmarket.io\\\/\"},{\"@type\":\"ListItem\",\"position\":2,\"name\":\"Homepage\"}]},{\"@type\":\"WebSite\",\"@id\":\"https:\\\/\\\/madmarket.io\\\/#website\",\"url\":\"https:\\\/\\\/madmarket.io\\\/\",\"name\":\"Mad Market\",\"description\":\"\",\"publisher\":{\"@id\":\"https:\\\/\\\/madmarket.io\\\/#organization\"},\"potentialAction\":[{\"@type\":\"SearchAction\",\"target\":{\"@type\":\"EntryPoint\",\"urlTemplate\":\"https:\\\/\\\/madmarket.io\\\/?s={search_term_string}\"},\"query-input\":{\"@type\":\"PropertyValueSpecification\",\"valueRequired\":true,\"valueName\":\"search_term_string\"}}],\"inLanguage\":\"fr-FR\"},{\"@type\":\"Organization\",\"@id\":\"https:\\\/\\\/madmarket.io\\\/#organization\",\"name\":\"Mad Market\",\"url\":\"https:\\\/\\\/madmarket.io\\\/\",\"logo\":{\"@type\":\"ImageObject\",\"inLanguage\":\"fr-FR\",\"@id\":\"https:\\\/\\\/madmarket.io\\\/#\\\/schema\\\/logo\\\/image\\\/\",\"url\":\"https:\\\/\\\/madmarket.io\\\/wp-content\\\/uploads\\\/2024\\\/07\\\/icon-384x384-1.png\",\"contentUrl\":\"https:\\\/\\\/madmarket.io\\\/wp-content\\\/uploads\\\/2024\\\/07\\\/icon-384x384-1.png\",\"width\":384,\"height\":384,\"caption\":\"Mad Market\"},\"image\":{\"@id\":\"https:\\\/\\\/madmarket.io\\\/#\\\/schema\\\/logo\\\/image\\\/\"}}]}<\/script>\n<!-- \/ Yoast SEO Premium plugin. -->","yoast_head_json":{"title":"Madmarket.io | Le bookmaker de paris sportifs \u00e0 enjeux \u00e9lev\u00e9s","description":"Faites passer votre exp\u00e9rience des paris \u00e0 la vitesse sup\u00e9rieure gr\u00e2ce aux cotes et \u00e0 la liquidit\u00e9 les plus \u00e9lev\u00e9es. Devenez fou (et non pas folle) sur MadMarket et sortez de l'ordinaire.","robots":{"index":"index","follow":"follow","max-snippet":"max-snippet:-1","max-image-preview":"max-image-preview:large","max-video-preview":"max-video-preview:-1"},"canonical":"https:\/\/madmarket.io\/fr\/","og_locale":"fr_FR","og_type":"article","og_title":"Homepage","og_description":"Take your betting experience to new heights with the highest odds and liquidity. Go mad (not crazy) at MadMarket and outbet the ordinary.","og_url":"https:\/\/madmarket.io\/fr\/","og_site_name":"Mad Market","article_modified_time":"2026-04-02T13:59:10+00:00","og_image":[{"width":2560,"height":1390,"url":"https:\/\/madmarket.io\/wp-content\/uploads\/2025\/08\/HERO-background-1-scaled.webp","type":"image\/webp"}],"twitter_card":"summary_large_image","twitter_misc":{"Dur\u00e9e de lecture estim\u00e9e":"1 minute"},"schema":{"@context":"https:\/\/schema.org","@graph":[{"@type":"WebPage","@id":"https:\/\/madmarket.io\/","url":"https:\/\/madmarket.io\/","name":"Madmarket.io | Le bookmaker de paris sportifs \u00e0 enjeux \u00e9lev\u00e9s","isPartOf":{"@id":"https:\/\/madmarket.io\/#website"},"primaryImageOfPage":{"@id":"https:\/\/madmarket.io\/#primaryimage"},"image":{"@id":"https:\/\/madmarket.io\/#primaryimage"},"thumbnailUrl":"https:\/\/madmarket.io\/wp-content\/uploads\/2025\/08\/HERO-background-1-scaled.webp","datePublished":"2024-07-23T10:07:53+00:00","dateModified":"2026-04-02T13:59:10+00:00","description":"Faites passer votre exp\u00e9rience des paris \u00e0 la vitesse sup\u00e9rieure gr\u00e2ce aux cotes et \u00e0 la liquidit\u00e9 les plus \u00e9lev\u00e9es. Devenez fou (et non pas folle) sur MadMarket et sortez de l'ordinaire.","breadcrumb":{"@id":"https:\/\/madmarket.io\/#breadcrumb"},"inLanguage":"fr-FR","potentialAction":[{"@type":"ReadAction","target":["https:\/\/madmarket.io\/"]}]},{"@type":"ImageObject","inLanguage":"fr-FR","@id":"https:\/\/madmarket.io\/#primaryimage","url":"https:\/\/madmarket.io\/wp-content\/uploads\/2025\/08\/HERO-background-1-scaled.webp","contentUrl":"https:\/\/madmarket.io\/wp-content\/uploads\/2025\/08\/HERO-background-1-scaled.webp","width":2560,"height":1390},{"@type":"BreadcrumbList","@id":"https:\/\/madmarket.io\/#breadcrumb","itemListElement":[{"@type":"ListItem","position":1,"name":"Home","item":"https:\/\/madmarket.io\/"},{"@type":"ListItem","position":2,"name":"Homepage"}]},{"@type":"WebSite","@id":"https:\/\/madmarket.io\/#website","url":"https:\/\/madmarket.io\/","name":"March\u00e9 fou","description":"","publisher":{"@id":"https:\/\/madmarket.io\/#organization"},"potentialAction":[{"@type":"SearchAction","target":{"@type":"EntryPoint","urlTemplate":"https:\/\/madmarket.io\/?s={search_term_string}"},"query-input":{"@type":"PropertyValueSpecification","valueRequired":true,"valueName":"search_term_string"}}],"inLanguage":"fr-FR"},{"@type":"Organization","@id":"https:\/\/madmarket.io\/#organization","name":"March\u00e9 fou","url":"https:\/\/madmarket.io\/","logo":{"@type":"ImageObject","inLanguage":"fr-FR","@id":"https:\/\/madmarket.io\/#\/schema\/logo\/image\/","url":"https:\/\/madmarket.io\/wp-content\/uploads\/2024\/07\/icon-384x384-1.png","contentUrl":"https:\/\/madmarket.io\/wp-content\/uploads\/2024\/07\/icon-384x384-1.png","width":384,"height":384,"caption":"Mad Market"},"image":{"@id":"https:\/\/madmarket.io\/#\/schema\/logo\/image\/"}}]}},"_links":{"self":[{"href":"https:\/\/madmarket.io\/fr\/wp-json\/wp\/v2\/pages\/2","targetHints":{"allow":["GET"]}}],"collection":[{"href":"https:\/\/madmarket.io\/fr\/wp-json\/wp\/v2\/pages"}],"about":[{"href":"https:\/\/madmarket.io\/fr\/wp-json\/wp\/v2\/types\/page"}],"author":[{"embeddable":true,"href":"https:\/\/madmarket.io\/fr\/wp-json\/wp\/v2\/users\/4"}],"replies":[{"embeddable":true,"href":"https:\/\/madmarket.io\/fr\/wp-json\/wp\/v2\/comments?post=2"}],"version-history":[{"count":95,"href":"https:\/\/madmarket.io\/fr\/wp-json\/wp\/v2\/pages\/2\/revisions"}],"predecessor-version":[{"id":13118,"href":"https:\/\/madmarket.io\/fr\/wp-json\/wp\/v2\/pages\/2\/revisions\/13118"}],"wp:featuredmedia":[{"embeddable":true,"href":"https:\/\/madmarket.io\/fr\/wp-json\/wp\/v2\/media\/8992"}],"wp:attachment":[{"href":"https:\/\/madmarket.io\/fr\/wp-json\/wp\/v2\/media?parent=2"}],"curies":[{"name":"wp","href":"https:\/\/api.w.org\/{rel}","templated":true}]}}