{"id":2422,"date":"2025-03-10T11:46:04","date_gmt":"2025-03-10T11:46:04","guid":{"rendered":"https:\/\/madmarket.io\/?page_id=2422"},"modified":"2025-08-06T14:28:26","modified_gmt":"2025-08-06T14:28:26","slug":"boxen-wetten","status":"publish","type":"page","link":"https:\/\/madmarket.io\/de\/boxen-wetten\/","title":{"rendered":"Boxen Wetten"},"content":{"rendered":"","protected":false},"excerpt":{"rendered":"","protected":false},"author":6,"featured_media":0,"parent":0,"menu_order":0,"comment_status":"closed","ping_status":"closed","template":"","meta":{"_acf_changed":false},"class_list":["post-2422","page","type-page","status-publish","hentry"],"acf":[],"yoast_head":"<!-- This site is optimized with the Yoast SEO Premium plugin v27.3 (Yoast SEO v27.3) - https:\/\/yoast.com\/product\/yoast-seo-premium-wordpress\/ -->\n<title>Get up to speed with the latest boxing betting in Madmarket.<\/title>\n<meta name=\"description\" content=\"All the best boxing betting tips and strategies to help you know how to beat the odds ahead of the next big night of boxing.\" \/>\n<meta name=\"robots\" content=\"index, follow, max-snippet:-1, max-image-preview:large, max-video-preview:-1\" \/>\n<link rel=\"canonical\" href=\"https:\/\/madmarket.io\/de\/boxen-wetten\/\" \/>\n<meta property=\"og:locale\" content=\"de_DE\" \/>\n<meta property=\"og:type\" content=\"article\" \/>\n<meta property=\"og:title\" content=\"Boxing Betting\" \/>\n<meta property=\"og:description\" content=\"All the best boxing betting tips and strategies to help you know how to beat the odds ahead of the next big night of boxing.\" \/>\n<meta property=\"og:url\" content=\"https:\/\/madmarket.io\/de\/boxen-wetten\/\" \/>\n<meta property=\"og:site_name\" content=\"Mad Market\" \/>\n<meta property=\"article:modified_time\" content=\"2025-08-06T14:28:26+00:00\" \/>\n<meta name=\"twitter:card\" content=\"summary_large_image\" \/>\n<script type=\"application\/ld+json\" class=\"yoast-schema-graph\">{\"@context\":\"https:\\\/\\\/schema.org\",\"@graph\":[{\"@type\":\"WebPage\",\"@id\":\"https:\\\/\\\/madmarket.io\\\/boxing-betting\\\/\",\"url\":\"https:\\\/\\\/madmarket.io\\\/boxing-betting\\\/\",\"name\":\"Get up to speed with the latest boxing betting in Madmarket.\",\"isPartOf\":{\"@id\":\"https:\\\/\\\/madmarket.io\\\/#website\"},\"datePublished\":\"2025-03-10T11:46:04+00:00\",\"dateModified\":\"2025-08-06T14:28:26+00:00\",\"description\":\"All the best boxing betting tips and strategies to help you know how to beat the odds ahead of the next big night of boxing.\",\"breadcrumb\":{\"@id\":\"https:\\\/\\\/madmarket.io\\\/boxing-betting\\\/#breadcrumb\"},\"inLanguage\":\"de\",\"potentialAction\":[{\"@type\":\"ReadAction\",\"target\":[\"https:\\\/\\\/madmarket.io\\\/boxing-betting\\\/\"]}]},{\"@type\":\"BreadcrumbList\",\"@id\":\"https:\\\/\\\/madmarket.io\\\/boxing-betting\\\/#breadcrumb\",\"itemListElement\":[{\"@type\":\"ListItem\",\"position\":1,\"name\":\"Home\",\"item\":\"https:\\\/\\\/madmarket.io\\\/\"},{\"@type\":\"ListItem\",\"position\":2,\"name\":\"Boxing Betting\"}]},{\"@type\":\"WebSite\",\"@id\":\"https:\\\/\\\/madmarket.io\\\/#website\",\"url\":\"https:\\\/\\\/madmarket.io\\\/\",\"name\":\"Mad Market\",\"description\":\"\",\"publisher\":{\"@id\":\"https:\\\/\\\/madmarket.io\\\/#organization\"},\"potentialAction\":[{\"@type\":\"SearchAction\",\"target\":{\"@type\":\"EntryPoint\",\"urlTemplate\":\"https:\\\/\\\/madmarket.io\\\/?s={search_term_string}\"},\"query-input\":{\"@type\":\"PropertyValueSpecification\",\"valueRequired\":true,\"valueName\":\"search_term_string\"}}],\"inLanguage\":\"de\"},{\"@type\":\"Organization\",\"@id\":\"https:\\\/\\\/madmarket.io\\\/#organization\",\"name\":\"Mad Market\",\"url\":\"https:\\\/\\\/madmarket.io\\\/\",\"logo\":{\"@type\":\"ImageObject\",\"inLanguage\":\"de\",\"@id\":\"https:\\\/\\\/madmarket.io\\\/#\\\/schema\\\/logo\\\/image\\\/\",\"url\":\"https:\\\/\\\/madmarket.io\\\/wp-content\\\/uploads\\\/2024\\\/07\\\/icon-384x384-1.png\",\"contentUrl\":\"https:\\\/\\\/madmarket.io\\\/wp-content\\\/uploads\\\/2024\\\/07\\\/icon-384x384-1.png\",\"width\":384,\"height\":384,\"caption\":\"Mad Market\"},\"image\":{\"@id\":\"https:\\\/\\\/madmarket.io\\\/#\\\/schema\\\/logo\\\/image\\\/\"}}]}<\/script>\n<!-- \/ Yoast SEO Premium plugin. -->","yoast_head_json":{"title":"Informieren Sie sich \u00fcber die neuesten Boxenwetten in Madmarket.","description":"Die besten Boxwetten-Tipps und -Strategien, damit Sie wissen, wie Sie die Quoten vor der n\u00e4chsten gro\u00dfen Boxnacht schlagen k\u00f6nnen.","robots":{"index":"index","follow":"follow","max-snippet":"max-snippet:-1","max-image-preview":"max-image-preview:large","max-video-preview":"max-video-preview:-1"},"canonical":"https:\/\/madmarket.io\/de\/boxen-wetten\/","og_locale":"de_DE","og_type":"article","og_title":"Boxing Betting","og_description":"All the best boxing betting tips and strategies to help you know how to beat the odds ahead of the next big night of boxing.","og_url":"https:\/\/madmarket.io\/de\/boxen-wetten\/","og_site_name":"Mad Market","article_modified_time":"2025-08-06T14:28:26+00:00","twitter_card":"summary_large_image","schema":{"@context":"https:\/\/schema.org","@graph":[{"@type":"WebPage","@id":"https:\/\/madmarket.io\/boxing-betting\/","url":"https:\/\/madmarket.io\/boxing-betting\/","name":"Informieren Sie sich \u00fcber die neuesten Boxenwetten in Madmarket.","isPartOf":{"@id":"https:\/\/madmarket.io\/#website"},"datePublished":"2025-03-10T11:46:04+00:00","dateModified":"2025-08-06T14:28:26+00:00","description":"Die besten Boxwetten-Tipps und -Strategien, damit Sie wissen, wie Sie die Quoten vor der n\u00e4chsten gro\u00dfen Boxnacht schlagen k\u00f6nnen.","breadcrumb":{"@id":"https:\/\/madmarket.io\/boxing-betting\/#breadcrumb"},"inLanguage":"de","potentialAction":[{"@type":"ReadAction","target":["https:\/\/madmarket.io\/boxing-betting\/"]}]},{"@type":"BreadcrumbList","@id":"https:\/\/madmarket.io\/boxing-betting\/#breadcrumb","itemListElement":[{"@type":"ListItem","position":1,"name":"Home","item":"https:\/\/madmarket.io\/"},{"@type":"ListItem","position":2,"name":"Boxing Betting"}]},{"@type":"WebSite","@id":"https:\/\/madmarket.io\/#website","url":"https:\/\/madmarket.io\/","name":"Verr\u00fcckter Markt","description":"","publisher":{"@id":"https:\/\/madmarket.io\/#organization"},"potentialAction":[{"@type":"SearchAction","target":{"@type":"EntryPoint","urlTemplate":"https:\/\/madmarket.io\/?s={search_term_string}"},"query-input":{"@type":"PropertyValueSpecification","valueRequired":true,"valueName":"search_term_string"}}],"inLanguage":"de"},{"@type":"Organization","@id":"https:\/\/madmarket.io\/#organization","name":"Verr\u00fcckter Markt","url":"https:\/\/madmarket.io\/","logo":{"@type":"ImageObject","inLanguage":"de","@id":"https:\/\/madmarket.io\/#\/schema\/logo\/image\/","url":"https:\/\/madmarket.io\/wp-content\/uploads\/2024\/07\/icon-384x384-1.png","contentUrl":"https:\/\/madmarket.io\/wp-content\/uploads\/2024\/07\/icon-384x384-1.png","width":384,"height":384,"caption":"Mad Market"},"image":{"@id":"https:\/\/madmarket.io\/#\/schema\/logo\/image\/"}}]}},"_links":{"self":[{"href":"https:\/\/madmarket.io\/de\/wp-json\/wp\/v2\/pages\/2422","targetHints":{"allow":["GET"]}}],"collection":[{"href":"https:\/\/madmarket.io\/de\/wp-json\/wp\/v2\/pages"}],"about":[{"href":"https:\/\/madmarket.io\/de\/wp-json\/wp\/v2\/types\/page"}],"author":[{"embeddable":true,"href":"https:\/\/madmarket.io\/de\/wp-json\/wp\/v2\/users\/6"}],"replies":[{"embeddable":true,"href":"https:\/\/madmarket.io\/de\/wp-json\/wp\/v2\/comments?post=2422"}],"version-history":[{"count":27,"href":"https:\/\/madmarket.io\/de\/wp-json\/wp\/v2\/pages\/2422\/revisions"}],"predecessor-version":[{"id":9551,"href":"https:\/\/madmarket.io\/de\/wp-json\/wp\/v2\/pages\/2422\/revisions\/9551"}],"wp:attachment":[{"href":"https:\/\/madmarket.io\/de\/wp-json\/wp\/v2\/media?parent=2422"}],"curies":[{"name":"wp","href":"https:\/\/api.w.org\/{rel}","templated":true}]}}