{"id":2,"date":"2024-07-23T10:07:53","date_gmt":"2024-07-23T10:07:53","guid":{"rendered":"https:\/\/madmarket.io\/?page_id=2"},"modified":"2026-04-02T13:59:10","modified_gmt":"2026-04-02T13:59:10","slug":"sample-page","status":"publish","type":"page","link":"https:\/\/madmarket.io\/de\/","title":{"rendered":"Homepage"},"content":{"rendered":"<p>Dies ist eine Beispielseite. Sie unterscheidet sich von einem Blogbeitrag, weil sie an einem Ort bleibt und in der Navigation Ihrer Website angezeigt wird (in den meisten Themes). Die meisten Menschen beginnen mit einer \u00dcber-Seite, die sie potenziellen Besuchern der Website vorstellt. Sie k\u00f6nnte etwa so lauten:<\/p>\n\n\n\n<blockquote class=\"wp-block-quote is-layout-flow wp-block-quote-is-layout-flow\"><p>Hallo zusammen! Tags\u00fcber bin ich Fahrradkurier, nachts aufstrebender Schauspieler, und das hier ist meine Website. Ich lebe in Los Angeles, habe einen tollen Hund namens Jack, und ich mag Pi\u00f1a Coladas. (Und vom Regen \u00fcberrascht zu werden.)<\/p><\/blockquote>\n\n\n\n<p>...oder etwas in dieser Art:<\/p>\n\n\n\n<blockquote class=\"wp-block-quote is-layout-flow wp-block-quote-is-layout-flow\"><p>Die XYZ Doohickey Company wurde 1971 gegr\u00fcndet und liefert seitdem hochwertige Doohickeys an die \u00d6ffentlichkeit. XYZ hat seinen Sitz in Gotham City und besch\u00e4ftigt \u00fcber 2.000 Mitarbeiter, die alle m\u00f6glichen gro\u00dfartigen Dinge f\u00fcr die Gotham Community tun.<\/p><\/blockquote>\n\n\n\n<p>Als neuer WordPress-Benutzer sollten Sie zu <a href=\"https:\/\/madmarket.io\/wp-admin\/\">Ihr Armaturenbrett<\/a> um diese Seite zu l\u00f6schen und neue Seiten f\u00fcr Ihren Inhalt zu erstellen. Viel Spa\u00df!<\/p>","protected":false},"excerpt":{"rendered":"<p>Dies ist eine Beispielseite. Sie unterscheidet sich von einem Blogbeitrag, weil sie an einem Ort bleibt und [...]<\/p>","protected":false},"author":4,"featured_media":8992,"parent":0,"menu_order":0,"comment_status":"closed","ping_status":"open","template":"","meta":{"_acf_changed":false},"class_list":["post-2","page","type-page","status-publish","has-post-thumbnail","hentry"],"acf":[],"yoast_head":"<!-- This site is optimized with the Yoast SEO Premium plugin v27.3 (Yoast SEO v27.3) - https:\/\/yoast.com\/product\/yoast-seo-premium-wordpress\/ -->\n<title>Madmarket.io | The High Stakes Sports Betting Bookie<\/title>\n<meta name=\"description\" content=\"Take your betting experience to new heights with the highest odds and liquidity. Go mad (not crazy) at MadMarket and outbet the ordinary.\" \/>\n<meta name=\"robots\" content=\"index, follow, max-snippet:-1, max-image-preview:large, max-video-preview:-1\" \/>\n<link rel=\"canonical\" href=\"https:\/\/madmarket.io\/de\/\" \/>\n<meta property=\"og:locale\" content=\"de_DE\" \/>\n<meta property=\"og:type\" content=\"article\" \/>\n<meta property=\"og:title\" content=\"Homepage\" \/>\n<meta property=\"og:description\" content=\"Take your betting experience to new heights with the highest odds and liquidity. Go mad (not crazy) at MadMarket and outbet the ordinary.\" \/>\n<meta property=\"og:url\" content=\"https:\/\/madmarket.io\/de\/\" \/>\n<meta property=\"og:site_name\" content=\"Mad Market\" \/>\n<meta property=\"article:modified_time\" content=\"2026-04-02T13:59:10+00:00\" \/>\n<meta property=\"og:image\" content=\"https:\/\/madmarket.io\/wp-content\/uploads\/2025\/08\/HERO-background-1-scaled.webp\" \/>\n\t<meta property=\"og:image:width\" content=\"2560\" \/>\n\t<meta property=\"og:image:height\" content=\"1390\" \/>\n\t<meta property=\"og:image:type\" content=\"image\/webp\" \/>\n<meta name=\"twitter:card\" content=\"summary_large_image\" \/>\n<meta name=\"twitter:label1\" content=\"Gesch\u00e4tzte Lesezeit\" \/>\n\t<meta name=\"twitter:data1\" content=\"1\u00a0Minute\" \/>\n<script type=\"application\/ld+json\" class=\"yoast-schema-graph\">{\"@context\":\"https:\\\/\\\/schema.org\",\"@graph\":[{\"@type\":\"WebPage\",\"@id\":\"https:\\\/\\\/madmarket.io\\\/\",\"url\":\"https:\\\/\\\/madmarket.io\\\/\",\"name\":\"Madmarket.io | The High Stakes Sports Betting Bookie\",\"isPartOf\":{\"@id\":\"https:\\\/\\\/madmarket.io\\\/#website\"},\"primaryImageOfPage\":{\"@id\":\"https:\\\/\\\/madmarket.io\\\/#primaryimage\"},\"image\":{\"@id\":\"https:\\\/\\\/madmarket.io\\\/#primaryimage\"},\"thumbnailUrl\":\"https:\\\/\\\/madmarket.io\\\/wp-content\\\/uploads\\\/2025\\\/08\\\/HERO-background-1-scaled.webp\",\"datePublished\":\"2024-07-23T10:07:53+00:00\",\"dateModified\":\"2026-04-02T13:59:10+00:00\",\"description\":\"Take your betting experience to new heights with the highest odds and liquidity. Go mad (not crazy) at MadMarket and outbet the ordinary.\",\"breadcrumb\":{\"@id\":\"https:\\\/\\\/madmarket.io\\\/#breadcrumb\"},\"inLanguage\":\"de\",\"potentialAction\":[{\"@type\":\"ReadAction\",\"target\":[\"https:\\\/\\\/madmarket.io\\\/\"]}]},{\"@type\":\"ImageObject\",\"inLanguage\":\"de\",\"@id\":\"https:\\\/\\\/madmarket.io\\\/#primaryimage\",\"url\":\"https:\\\/\\\/madmarket.io\\\/wp-content\\\/uploads\\\/2025\\\/08\\\/HERO-background-1-scaled.webp\",\"contentUrl\":\"https:\\\/\\\/madmarket.io\\\/wp-content\\\/uploads\\\/2025\\\/08\\\/HERO-background-1-scaled.webp\",\"width\":2560,\"height\":1390},{\"@type\":\"BreadcrumbList\",\"@id\":\"https:\\\/\\\/madmarket.io\\\/#breadcrumb\",\"itemListElement\":[{\"@type\":\"ListItem\",\"position\":1,\"name\":\"Home\",\"item\":\"https:\\\/\\\/madmarket.io\\\/\"},{\"@type\":\"ListItem\",\"position\":2,\"name\":\"Homepage\"}]},{\"@type\":\"WebSite\",\"@id\":\"https:\\\/\\\/madmarket.io\\\/#website\",\"url\":\"https:\\\/\\\/madmarket.io\\\/\",\"name\":\"Mad Market\",\"description\":\"\",\"publisher\":{\"@id\":\"https:\\\/\\\/madmarket.io\\\/#organization\"},\"potentialAction\":[{\"@type\":\"SearchAction\",\"target\":{\"@type\":\"EntryPoint\",\"urlTemplate\":\"https:\\\/\\\/madmarket.io\\\/?s={search_term_string}\"},\"query-input\":{\"@type\":\"PropertyValueSpecification\",\"valueRequired\":true,\"valueName\":\"search_term_string\"}}],\"inLanguage\":\"de\"},{\"@type\":\"Organization\",\"@id\":\"https:\\\/\\\/madmarket.io\\\/#organization\",\"name\":\"Mad Market\",\"url\":\"https:\\\/\\\/madmarket.io\\\/\",\"logo\":{\"@type\":\"ImageObject\",\"inLanguage\":\"de\",\"@id\":\"https:\\\/\\\/madmarket.io\\\/#\\\/schema\\\/logo\\\/image\\\/\",\"url\":\"https:\\\/\\\/madmarket.io\\\/wp-content\\\/uploads\\\/2024\\\/07\\\/icon-384x384-1.png\",\"contentUrl\":\"https:\\\/\\\/madmarket.io\\\/wp-content\\\/uploads\\\/2024\\\/07\\\/icon-384x384-1.png\",\"width\":384,\"height\":384,\"caption\":\"Mad Market\"},\"image\":{\"@id\":\"https:\\\/\\\/madmarket.io\\\/#\\\/schema\\\/logo\\\/image\\\/\"}}]}<\/script>\n<!-- \/ Yoast SEO Premium plugin. -->","yoast_head_json":{"title":"Madmarket.io | Der Buchmacher f\u00fcr Sportwetten mit hohen Eins\u00e4tzen","description":"Bringen Sie Ihre Wetten mit den h\u00f6chsten Quoten und der h\u00f6chsten Liquidit\u00e4t auf ein neues Niveau. Werden Sie bei MadMarket verr\u00fcckt (nicht verr\u00fcckt) und \u00fcbertreffen Sie das Gew\u00f6hnliche.","robots":{"index":"index","follow":"follow","max-snippet":"max-snippet:-1","max-image-preview":"max-image-preview:large","max-video-preview":"max-video-preview:-1"},"canonical":"https:\/\/madmarket.io\/de\/","og_locale":"de_DE","og_type":"article","og_title":"Homepage","og_description":"Take your betting experience to new heights with the highest odds and liquidity. Go mad (not crazy) at MadMarket and outbet the ordinary.","og_url":"https:\/\/madmarket.io\/de\/","og_site_name":"Mad Market","article_modified_time":"2026-04-02T13:59:10+00:00","og_image":[{"width":2560,"height":1390,"url":"https:\/\/madmarket.io\/wp-content\/uploads\/2025\/08\/HERO-background-1-scaled.webp","type":"image\/webp"}],"twitter_card":"summary_large_image","twitter_misc":{"Gesch\u00e4tzte Lesezeit":"1\u00a0Minute"},"schema":{"@context":"https:\/\/schema.org","@graph":[{"@type":"WebPage","@id":"https:\/\/madmarket.io\/","url":"https:\/\/madmarket.io\/","name":"Madmarket.io | Der Buchmacher f\u00fcr Sportwetten mit hohen Eins\u00e4tzen","isPartOf":{"@id":"https:\/\/madmarket.io\/#website"},"primaryImageOfPage":{"@id":"https:\/\/madmarket.io\/#primaryimage"},"image":{"@id":"https:\/\/madmarket.io\/#primaryimage"},"thumbnailUrl":"https:\/\/madmarket.io\/wp-content\/uploads\/2025\/08\/HERO-background-1-scaled.webp","datePublished":"2024-07-23T10:07:53+00:00","dateModified":"2026-04-02T13:59:10+00:00","description":"Bringen Sie Ihre Wetten mit den h\u00f6chsten Quoten und der h\u00f6chsten Liquidit\u00e4t auf ein neues Niveau. Werden Sie bei MadMarket verr\u00fcckt (nicht verr\u00fcckt) und \u00fcbertreffen Sie das Gew\u00f6hnliche.","breadcrumb":{"@id":"https:\/\/madmarket.io\/#breadcrumb"},"inLanguage":"de","potentialAction":[{"@type":"ReadAction","target":["https:\/\/madmarket.io\/"]}]},{"@type":"ImageObject","inLanguage":"de","@id":"https:\/\/madmarket.io\/#primaryimage","url":"https:\/\/madmarket.io\/wp-content\/uploads\/2025\/08\/HERO-background-1-scaled.webp","contentUrl":"https:\/\/madmarket.io\/wp-content\/uploads\/2025\/08\/HERO-background-1-scaled.webp","width":2560,"height":1390},{"@type":"BreadcrumbList","@id":"https:\/\/madmarket.io\/#breadcrumb","itemListElement":[{"@type":"ListItem","position":1,"name":"Home","item":"https:\/\/madmarket.io\/"},{"@type":"ListItem","position":2,"name":"Homepage"}]},{"@type":"WebSite","@id":"https:\/\/madmarket.io\/#website","url":"https:\/\/madmarket.io\/","name":"Verr\u00fcckter Markt","description":"","publisher":{"@id":"https:\/\/madmarket.io\/#organization"},"potentialAction":[{"@type":"SearchAction","target":{"@type":"EntryPoint","urlTemplate":"https:\/\/madmarket.io\/?s={search_term_string}"},"query-input":{"@type":"PropertyValueSpecification","valueRequired":true,"valueName":"search_term_string"}}],"inLanguage":"de"},{"@type":"Organization","@id":"https:\/\/madmarket.io\/#organization","name":"Verr\u00fcckter Markt","url":"https:\/\/madmarket.io\/","logo":{"@type":"ImageObject","inLanguage":"de","@id":"https:\/\/madmarket.io\/#\/schema\/logo\/image\/","url":"https:\/\/madmarket.io\/wp-content\/uploads\/2024\/07\/icon-384x384-1.png","contentUrl":"https:\/\/madmarket.io\/wp-content\/uploads\/2024\/07\/icon-384x384-1.png","width":384,"height":384,"caption":"Mad Market"},"image":{"@id":"https:\/\/madmarket.io\/#\/schema\/logo\/image\/"}}]}},"_links":{"self":[{"href":"https:\/\/madmarket.io\/de\/wp-json\/wp\/v2\/pages\/2","targetHints":{"allow":["GET"]}}],"collection":[{"href":"https:\/\/madmarket.io\/de\/wp-json\/wp\/v2\/pages"}],"about":[{"href":"https:\/\/madmarket.io\/de\/wp-json\/wp\/v2\/types\/page"}],"author":[{"embeddable":true,"href":"https:\/\/madmarket.io\/de\/wp-json\/wp\/v2\/users\/4"}],"replies":[{"embeddable":true,"href":"https:\/\/madmarket.io\/de\/wp-json\/wp\/v2\/comments?post=2"}],"version-history":[{"count":95,"href":"https:\/\/madmarket.io\/de\/wp-json\/wp\/v2\/pages\/2\/revisions"}],"predecessor-version":[{"id":13118,"href":"https:\/\/madmarket.io\/de\/wp-json\/wp\/v2\/pages\/2\/revisions\/13118"}],"wp:featuredmedia":[{"embeddable":true,"href":"https:\/\/madmarket.io\/de\/wp-json\/wp\/v2\/media\/8992"}],"wp:attachment":[{"href":"https:\/\/madmarket.io\/de\/wp-json\/wp\/v2\/media?parent=2"}],"curies":[{"name":"wp","href":"https:\/\/api.w.org\/{rel}","templated":true}]}}